








{"id":2358,"date":"2023-02-20T11:48:57","date_gmt":"2023-02-20T11:48:57","guid":{"rendered":"https:\/\/adop.deltasolucoes.com\/?page_id=2358"},"modified":"2026-01-06T13:15:46","modified_gmt":"2026-01-06T13:15:46","slug":"divisao-juridica","status":"publish","type":"page","link":"https:\/\/adop.pt\/en\/divisao-juridica\/","title":{"rendered":"Divis\u00e3o Jur\u00eddica"},"content":{"rendered":"<p>[et_pb_section fb_built=&#8221;1&#8243; _builder_version=&#8221;4.13.1&#8243; _module_preset=&#8221;default&#8221; custom_padding=&#8221;||||false|false&#8221; global_colors_info=&#8221;{}&#8221;][et_pb_row custom_padding_last_edited=&#8221;on|tablet&#8221; _builder_version=&#8221;4.14.2&#8243; _module_preset=&#8221;default&#8221; custom_padding=&#8221;150px||||false|false&#8221; custom_padding_tablet=&#8221;200px||||false|false&#8221; custom_padding_phone=&#8221;||||false|false&#8221; global_colors_info=&#8221;{}&#8221;][et_pb_column type=&#8221;4_4&#8243; _builder_version=&#8221;4.13.1&#8243; _module_preset=&#8221;default&#8221; global_colors_info=&#8221;{}&#8221;][et_pb_text _builder_version=&#8221;4.14.2&#8243; _module_preset=&#8221;default&#8221; text_font_size=&#8221;18px&#8221; global_colors_info=&#8221;{}&#8221;]<\/p>\n<h1 class=\"text-primary\"><strong>Divis\u00e3o jur\u00eddica<\/strong><\/h1>\n<p>[\/et_pb_text][\/et_pb_column][\/et_pb_row][et_pb_row module_id=&#8221;pedir-aut&#8221; _builder_version=&#8221;4.14.2&#8243; _module_preset=&#8221;default&#8221; global_colors_info=&#8221;{}&#8221;][et_pb_column type=&#8221;4_4&#8243; _builder_version=&#8221;4.13.1&#8243; _module_preset=&#8221;default&#8221; global_colors_info=&#8221;{}&#8221;][et_pb_text _builder_version=&#8221;4.14.2&#8243; _module_preset=&#8221;default&#8221; global_colors_info=&#8221;{}&#8221;]<\/p>\n<p>A Divis\u00e3o Jur\u00eddica da ADoP tem por miss\u00e3o o exerc\u00edcio de fun\u00e7\u00f5es de apoio jur\u00eddico a esta Autoridade, visando contribuir para o processo de tomada de decis\u00e3o atrav\u00e9s da produ\u00e7\u00e3o de informa\u00e7\u00e3o jur\u00eddica relevante no \u00e2mbito das atribui\u00e7\u00f5es da ADoP.\u00a0<\/p>\n<p>Compete ainda a esta Divis\u00e3o propor as medidas de car\u00e1cter normativo, ou outras que se considerem adequadas, no que respeita \u00e0 luta contra a dopagem no desporto.<\/p>\n<p class=\"Subtitulo\">Compet\u00eancias<\/p>\n<p>a) Prestar assessoria jur\u00eddica aos \u00f3rg\u00e3os da ADoP;<\/p>\n<p>b) Colaborar e participar na elabora\u00e7\u00e3o de diplomas legais, nacionais e internacionais, relativos \u00e0 luta contra a dopagem no desporto;<\/p>\n<p>c) Verificar a conformidade e proceder ao registo dos regulamentos federativos antidopagem;<\/p>\n<p>d) Instruir processos de contraordena\u00e7\u00e3o e analisar impugna\u00e7\u00f5es judiciais;<\/p>\n<p>e) Prestar apoio t\u00e9cnico no \u00e2mbito dos processos submetidos \u00e0 AMA;<\/p>\n<p>f) Informar, dar parecer e acompanhar tecnicamente os procedimentos administrativos no \u00e2mbito da ADoP;<\/p>\n<p>g) Assegurar as demais fun\u00e7\u00f5es que lhe sejam cometidas pelo presidente da ADoP.<\/p>\n<p>[\/et_pb_text][\/et_pb_column][\/et_pb_row][\/et_pb_section]<\/p>","protected":false},"excerpt":{"rendered":"<p>Divis\u00e3o jur\u00eddicaA Divis\u00e3o Jur\u00eddica da ADoP tem por miss\u00e3o o exerc\u00edcio de fun\u00e7\u00f5es de apoio jur\u00eddico a esta Autoridade, visando contribuir para o processo de tomada de decis\u00e3o atrav\u00e9s da produ\u00e7\u00e3o de informa\u00e7\u00e3o jur\u00eddica relevante no \u00e2mbito das atribui\u00e7\u00f5es da ADoP.\u00a0 Compete ainda a esta Divis\u00e3o propor as medidas de car\u00e1cter normativo, ou outras que [&hellip;]<\/p>","protected":false},"author":2,"featured_media":0,"parent":0,"menu_order":0,"comment_status":"closed","ping_status":"closed","template":"","meta":{"_et_pb_use_builder":"on","_et_pb_old_content":"","_et_gb_content_width":"","inline_featured_image":false,"footnotes":""},"class_list":["post-2358","page","type-page","status-publish","hentry"],"acf":[],"yoast_head":"<!-- This site is optimized with the Yoast SEO plugin v25.4 - https:\/\/yoast.com\/wordpress\/plugins\/seo\/ -->\n<title>Divis\u00e3o Jur\u00eddica - ADoP<\/title>\n<meta name=\"robots\" content=\"index, follow, max-snippet:-1, max-image-preview:large, max-video-preview:-1\" \/>\n<link rel=\"canonical\" href=\"https:\/\/adop.pt\/en\/divisao-juridica\/\" \/>\n<meta property=\"og:locale\" content=\"en_GB\" \/>\n<meta property=\"og:type\" content=\"article\" \/>\n<meta property=\"og:title\" content=\"Divis\u00e3o Jur\u00eddica - ADoP\" \/>\n<meta property=\"og:description\" content=\"Divis\u00e3o jur\u00eddicaA Divis\u00e3o Jur\u00eddica da ADoP tem por miss\u00e3o o exerc\u00edcio de fun\u00e7\u00f5es de apoio jur\u00eddico a esta Autoridade, visando contribuir para o processo de tomada de decis\u00e3o atrav\u00e9s da produ\u00e7\u00e3o de informa\u00e7\u00e3o jur\u00eddica relevante no \u00e2mbito das atribui\u00e7\u00f5es da ADoP.\u00a0 Compete ainda a esta Divis\u00e3o propor as medidas de car\u00e1cter normativo, ou outras que [&hellip;]\" \/>\n<meta property=\"og:url\" content=\"https:\/\/adop.pt\/en\/divisao-juridica\/\" \/>\n<meta property=\"og:site_name\" content=\"ADoP\" \/>\n<meta property=\"article:publisher\" content=\"https:\/\/www.facebook.com\/profile.php?id=61565720170060\" \/>\n<meta property=\"article:modified_time\" content=\"2026-01-06T13:15:46+00:00\" \/>\n<meta name=\"twitter:card\" content=\"summary_large_image\" \/>\n<meta name=\"twitter:label1\" content=\"Estimated reading time\" \/>\n\t<meta name=\"twitter:data1\" content=\"1 minute\" \/>\n<script type=\"application\/ld+json\" class=\"yoast-schema-graph\">{\"@context\":\"https:\/\/schema.org\",\"@graph\":[{\"@type\":\"WebPage\",\"@id\":\"https:\/\/adop.pt\/divisao-juridica\/\",\"url\":\"https:\/\/adop.pt\/divisao-juridica\/\",\"name\":\"Divis\u00e3o Jur\u00eddica - ADoP\",\"isPartOf\":{\"@id\":\"https:\/\/adop.pt\/#website\"},\"datePublished\":\"2023-02-20T11:48:57+00:00\",\"dateModified\":\"2026-01-06T13:15:46+00:00\",\"breadcrumb\":{\"@id\":\"https:\/\/adop.pt\/divisao-juridica\/#breadcrumb\"},\"inLanguage\":\"en-GB\",\"potentialAction\":[{\"@type\":\"ReadAction\",\"target\":[\"https:\/\/adop.pt\/divisao-juridica\/\"]}]},{\"@type\":\"BreadcrumbList\",\"@id\":\"https:\/\/adop.pt\/divisao-juridica\/#breadcrumb\",\"itemListElement\":[{\"@type\":\"ListItem\",\"position\":1,\"name\":\"In\u00edcio\",\"item\":\"https:\/\/adop.pt\/\"},{\"@type\":\"ListItem\",\"position\":2,\"name\":\"Divis\u00e3o Jur\u00eddica\"}]},{\"@type\":\"WebSite\",\"@id\":\"https:\/\/adop.pt\/#website\",\"url\":\"https:\/\/adop.pt\/\",\"name\":\"ADoP\",\"description\":\"Autoridade Antidopagem de Portugal\",\"publisher\":{\"@id\":\"https:\/\/adop.pt\/#organization\"},\"potentialAction\":[{\"@type\":\"SearchAction\",\"target\":{\"@type\":\"EntryPoint\",\"urlTemplate\":\"https:\/\/adop.pt\/?s={search_term_string}\"},\"query-input\":{\"@type\":\"PropertyValueSpecification\",\"valueRequired\":true,\"valueName\":\"search_term_string\"}}],\"inLanguage\":\"en-GB\"},{\"@type\":\"Organization\",\"@id\":\"https:\/\/adop.pt\/#organization\",\"name\":\"ADoP\",\"url\":\"https:\/\/adop.pt\/\",\"logo\":{\"@type\":\"ImageObject\",\"inLanguage\":\"en-GB\",\"@id\":\"https:\/\/adop.pt\/#\/schema\/logo\/image\/\",\"url\":\"https:\/\/adop.pt\/wp-content\/uploads\/2021\/11\/cropped-adop-logo-bg.jpg\",\"contentUrl\":\"https:\/\/adop.pt\/wp-content\/uploads\/2021\/11\/cropped-adop-logo-bg.jpg\",\"width\":512,\"height\":512,\"caption\":\"ADoP\"},\"image\":{\"@id\":\"https:\/\/adop.pt\/#\/schema\/logo\/image\/\"},\"sameAs\":[\"https:\/\/www.facebook.com\/profile.php?id=61565720170060\",\"https:\/\/www.instagram.com\/antidopagem\/\"]}]}<\/script>\n<!-- \/ Yoast SEO plugin. -->","yoast_head_json":{"title":"Divis\u00e3o Jur\u00eddica - ADoP","robots":{"index":"index","follow":"follow","max-snippet":"max-snippet:-1","max-image-preview":"max-image-preview:large","max-video-preview":"max-video-preview:-1"},"canonical":"https:\/\/adop.pt\/en\/divisao-juridica\/","og_locale":"en_GB","og_type":"article","og_title":"Divis\u00e3o Jur\u00eddica - ADoP","og_description":"Divis\u00e3o jur\u00eddicaA Divis\u00e3o Jur\u00eddica da ADoP tem por miss\u00e3o o exerc\u00edcio de fun\u00e7\u00f5es de apoio jur\u00eddico a esta Autoridade, visando contribuir para o processo de tomada de decis\u00e3o atrav\u00e9s da produ\u00e7\u00e3o de informa\u00e7\u00e3o jur\u00eddica relevante no \u00e2mbito das atribui\u00e7\u00f5es da ADoP.\u00a0 Compete ainda a esta Divis\u00e3o propor as medidas de car\u00e1cter normativo, ou outras que [&hellip;]","og_url":"https:\/\/adop.pt\/en\/divisao-juridica\/","og_site_name":"ADoP","article_publisher":"https:\/\/www.facebook.com\/profile.php?id=61565720170060","article_modified_time":"2026-01-06T13:15:46+00:00","twitter_card":"summary_large_image","twitter_misc":{"Estimated reading time":"1 minute"},"schema":{"@context":"https:\/\/schema.org","@graph":[{"@type":"WebPage","@id":"https:\/\/adop.pt\/divisao-juridica\/","url":"https:\/\/adop.pt\/divisao-juridica\/","name":"Divis\u00e3o Jur\u00eddica - ADoP","isPartOf":{"@id":"https:\/\/adop.pt\/#website"},"datePublished":"2023-02-20T11:48:57+00:00","dateModified":"2026-01-06T13:15:46+00:00","breadcrumb":{"@id":"https:\/\/adop.pt\/divisao-juridica\/#breadcrumb"},"inLanguage":"en-GB","potentialAction":[{"@type":"ReadAction","target":["https:\/\/adop.pt\/divisao-juridica\/"]}]},{"@type":"BreadcrumbList","@id":"https:\/\/adop.pt\/divisao-juridica\/#breadcrumb","itemListElement":[{"@type":"ListItem","position":1,"name":"In\u00edcio","item":"https:\/\/adop.pt\/"},{"@type":"ListItem","position":2,"name":"Divis\u00e3o Jur\u00eddica"}]},{"@type":"WebSite","@id":"https:\/\/adop.pt\/#website","url":"https:\/\/adop.pt\/","name":"ADoP","description":"Autoridade Antidopagem de Portugal","publisher":{"@id":"https:\/\/adop.pt\/#organization"},"potentialAction":[{"@type":"SearchAction","target":{"@type":"EntryPoint","urlTemplate":"https:\/\/adop.pt\/?s={search_term_string}"},"query-input":{"@type":"PropertyValueSpecification","valueRequired":true,"valueName":"search_term_string"}}],"inLanguage":"en-GB"},{"@type":"Organization","@id":"https:\/\/adop.pt\/#organization","name":"ADoP","url":"https:\/\/adop.pt\/","logo":{"@type":"ImageObject","inLanguage":"en-GB","@id":"https:\/\/adop.pt\/#\/schema\/logo\/image\/","url":"https:\/\/adop.pt\/wp-content\/uploads\/2021\/11\/cropped-adop-logo-bg.jpg","contentUrl":"https:\/\/adop.pt\/wp-content\/uploads\/2021\/11\/cropped-adop-logo-bg.jpg","width":512,"height":512,"caption":"ADoP"},"image":{"@id":"https:\/\/adop.pt\/#\/schema\/logo\/image\/"},"sameAs":["https:\/\/www.facebook.com\/profile.php?id=61565720170060","https:\/\/www.instagram.com\/antidopagem\/"]}]}},"_links":{"self":[{"href":"https:\/\/adop.pt\/en\/wp-json\/wp\/v2\/pages\/2358","targetHints":{"allow":["GET"]}}],"collection":[{"href":"https:\/\/adop.pt\/en\/wp-json\/wp\/v2\/pages"}],"about":[{"href":"https:\/\/adop.pt\/en\/wp-json\/wp\/v2\/types\/page"}],"author":[{"embeddable":true,"href":"https:\/\/adop.pt\/en\/wp-json\/wp\/v2\/users\/2"}],"replies":[{"embeddable":true,"href":"https:\/\/adop.pt\/en\/wp-json\/wp\/v2\/comments?post=2358"}],"version-history":[{"count":3,"href":"https:\/\/adop.pt\/en\/wp-json\/wp\/v2\/pages\/2358\/revisions"}],"predecessor-version":[{"id":2970,"href":"https:\/\/adop.pt\/en\/wp-json\/wp\/v2\/pages\/2358\/revisions\/2970"}],"wp:attachment":[{"href":"https:\/\/adop.pt\/en\/wp-json\/wp\/v2\/media?parent=2358"}],"curies":[{"name":"wp","href":"https:\/\/api.w.org\/{rel}","templated":true}]}}