








{"id":2362,"date":"2023-02-20T15:04:11","date_gmt":"2023-02-20T15:04:11","guid":{"rendered":"https:\/\/adop.deltasolucoes.com\/?page_id=2362"},"modified":"2026-01-21T11:44:34","modified_gmt":"2026-01-21T11:44:34","slug":"sancoes-disciplinares","status":"publish","type":"page","link":"https:\/\/adop.pt\/en\/sancoes-disciplinares\/","title":{"rendered":"San\u00e7\u00f5es disciplinares"},"content":{"rendered":"<p>[et_pb_section fb_built=&#8221;1&#8243; _builder_version=&#8221;4.13.1&#8243; _module_preset=&#8221;default&#8221; min_height=&#8221;329.5px&#8221; custom_margin=&#8221;||-141px|||&#8221; custom_padding=&#8221;||||false|false&#8221; global_colors_info=&#8221;{}&#8221;][et_pb_row custom_padding_last_edited=&#8221;on|tablet&#8221; _builder_version=&#8221;4.14.2&#8243; _module_preset=&#8221;default&#8221; custom_padding=&#8221;150px||||false|false&#8221; custom_padding_tablet=&#8221;200px||||false|false&#8221; custom_padding_phone=&#8221;||||false|false&#8221; global_colors_info=&#8221;{}&#8221;][et_pb_column type=&#8221;4_4&#8243; _builder_version=&#8221;4.13.1&#8243; _module_preset=&#8221;default&#8221; global_colors_info=&#8221;{}&#8221;][et_pb_text _builder_version=&#8221;4.14.2&#8243; _module_preset=&#8221;default&#8221; text_font_size=&#8221;18px&#8221; global_colors_info=&#8221;{}&#8221;]<\/p>\n<h1 class=\"text-primary\"><strong>San\u00e7\u00f5es disciplinares<\/strong><\/h1>\n<p>[\/et_pb_text][\/et_pb_column][\/et_pb_row][et_pb_row module_id=&#8221;pedir-aut&#8221; _builder_version=&#8221;4.14.2&#8243; _module_preset=&#8221;default&#8221; global_colors_info=&#8221;{}&#8221;][et_pb_column type=&#8221;4_4&#8243; _builder_version=&#8221;4.13.1&#8243; _module_preset=&#8221;default&#8221; global_colors_info=&#8221;{}&#8221;][et_pb_text _builder_version=&#8221;4.14.2&#8243; _module_preset=&#8221;default&#8221; width=&#8221;98.8%&#8221; min_height=&#8221;104.6px&#8221; custom_padding=&#8221;|0px||||&#8221; global_colors_info=&#8221;{}&#8221;]<\/p>\n<p><span>Nos termos e para os efeitos previstos nos n.<sup>os<\/sup> 5 e 6 do art.\u00ba 90\u00ba da Lei n.\u00ba 81\/2021 de 30 de novembro, que aprova a lei antidopagem no desporto, procede-se \u00e0 publicita\u00e7\u00e3o da informa\u00e7\u00e3o relevante das san\u00e7\u00f5es aplicadas por motivo de viola\u00e7\u00e3o das normas antidopagem.<\/span><\/p>\n<p>[\/et_pb_text][\/et_pb_column][\/et_pb_row][\/et_pb_section][et_pb_section fb_built=&#8221;1&#8243; theme_builder_area=&#8221;post_content&#8221; _builder_version=&#8221;4.14.2&#8243; _module_preset=&#8221;default&#8221;][et_pb_row _builder_version=&#8221;4.14.2&#8243; _module_preset=&#8221;default&#8221; theme_builder_area=&#8221;post_content&#8221;][et_pb_column _builder_version=&#8221;4.14.2&#8243; _module_preset=&#8221;default&#8221; theme_builder_area=&#8221;post_content&#8221; type=&#8221;4_4&#8243;][et_pb_image src=&#8221;https:\/\/adop.pt\/wp-content\/uploads\/2026\/01\/21-01-2026.jpg&#8221; _builder_version=&#8221;4.14.2&#8243; _module_preset=&#8221;default&#8221; theme_builder_area=&#8221;post_content&#8221; align=&#8221;center&#8221; hover_enabled=&#8221;0&#8243; sticky_enabled=&#8221;0&#8243;][\/et_pb_image][\/et_pb_column][\/et_pb_row][\/et_pb_section]<\/p>","protected":false},"excerpt":{"rendered":"<p>San\u00e7\u00f5es disciplinaresNos termos e para os efeitos previstos nos n.os 5 e 6 do art.\u00ba 90\u00ba da Lei n.\u00ba 81\/2021 de 30 de novembro, que aprova a lei antidopagem no desporto, procede-se \u00e0 publicita\u00e7\u00e3o da informa\u00e7\u00e3o relevante das san\u00e7\u00f5es aplicadas por motivo de viola\u00e7\u00e3o das normas antidopagem.<\/p>","protected":false},"author":2,"featured_media":0,"parent":0,"menu_order":0,"comment_status":"closed","ping_status":"closed","template":"","meta":{"_et_pb_use_builder":"on","_et_pb_old_content":"","_et_gb_content_width":"","inline_featured_image":false,"footnotes":""},"class_list":["post-2362","page","type-page","status-publish","hentry"],"acf":[],"yoast_head":"<!-- This site is optimized with the Yoast SEO plugin v25.4 - https:\/\/yoast.com\/wordpress\/plugins\/seo\/ -->\n<title>San\u00e7\u00f5es disciplinares - ADoP<\/title>\n<meta name=\"robots\" content=\"index, follow, max-snippet:-1, max-image-preview:large, max-video-preview:-1\" \/>\n<link rel=\"canonical\" href=\"https:\/\/adop.pt\/en\/sancoes-disciplinares\/\" \/>\n<meta property=\"og:locale\" content=\"en_GB\" \/>\n<meta property=\"og:type\" content=\"article\" \/>\n<meta property=\"og:title\" content=\"San\u00e7\u00f5es disciplinares - ADoP\" \/>\n<meta property=\"og:description\" content=\"San\u00e7\u00f5es disciplinaresNos termos e para os efeitos previstos nos n.os 5 e 6 do art.\u00ba 90\u00ba da Lei n.\u00ba 81\/2021 de 30 de novembro, que aprova a lei antidopagem no desporto, procede-se \u00e0 publicita\u00e7\u00e3o da informa\u00e7\u00e3o relevante das san\u00e7\u00f5es aplicadas por motivo de viola\u00e7\u00e3o das normas antidopagem.\" \/>\n<meta property=\"og:url\" content=\"https:\/\/adop.pt\/en\/sancoes-disciplinares\/\" \/>\n<meta property=\"og:site_name\" content=\"ADoP\" \/>\n<meta property=\"article:publisher\" content=\"https:\/\/www.facebook.com\/profile.php?id=61565720170060\" \/>\n<meta property=\"article:modified_time\" content=\"2026-01-21T11:44:34+00:00\" \/>\n<meta name=\"twitter:card\" content=\"summary_large_image\" \/>\n<meta name=\"twitter:label1\" content=\"Estimated reading time\" \/>\n\t<meta name=\"twitter:data1\" content=\"1 minute\" \/>\n<script type=\"application\/ld+json\" class=\"yoast-schema-graph\">{\"@context\":\"https:\/\/schema.org\",\"@graph\":[{\"@type\":\"WebPage\",\"@id\":\"https:\/\/adop.pt\/sancoes-disciplinares\/\",\"url\":\"https:\/\/adop.pt\/sancoes-disciplinares\/\",\"name\":\"San\u00e7\u00f5es disciplinares - ADoP\",\"isPartOf\":{\"@id\":\"https:\/\/adop.pt\/#website\"},\"datePublished\":\"2023-02-20T15:04:11+00:00\",\"dateModified\":\"2026-01-21T11:44:34+00:00\",\"breadcrumb\":{\"@id\":\"https:\/\/adop.pt\/sancoes-disciplinares\/#breadcrumb\"},\"inLanguage\":\"en-GB\",\"potentialAction\":[{\"@type\":\"ReadAction\",\"target\":[\"https:\/\/adop.pt\/sancoes-disciplinares\/\"]}]},{\"@type\":\"BreadcrumbList\",\"@id\":\"https:\/\/adop.pt\/sancoes-disciplinares\/#breadcrumb\",\"itemListElement\":[{\"@type\":\"ListItem\",\"position\":1,\"name\":\"In\u00edcio\",\"item\":\"https:\/\/adop.pt\/\"},{\"@type\":\"ListItem\",\"position\":2,\"name\":\"San\u00e7\u00f5es disciplinares\"}]},{\"@type\":\"WebSite\",\"@id\":\"https:\/\/adop.pt\/#website\",\"url\":\"https:\/\/adop.pt\/\",\"name\":\"ADoP\",\"description\":\"Autoridade Antidopagem de Portugal\",\"publisher\":{\"@id\":\"https:\/\/adop.pt\/#organization\"},\"potentialAction\":[{\"@type\":\"SearchAction\",\"target\":{\"@type\":\"EntryPoint\",\"urlTemplate\":\"https:\/\/adop.pt\/?s={search_term_string}\"},\"query-input\":{\"@type\":\"PropertyValueSpecification\",\"valueRequired\":true,\"valueName\":\"search_term_string\"}}],\"inLanguage\":\"en-GB\"},{\"@type\":\"Organization\",\"@id\":\"https:\/\/adop.pt\/#organization\",\"name\":\"ADoP\",\"url\":\"https:\/\/adop.pt\/\",\"logo\":{\"@type\":\"ImageObject\",\"inLanguage\":\"en-GB\",\"@id\":\"https:\/\/adop.pt\/#\/schema\/logo\/image\/\",\"url\":\"https:\/\/adop.pt\/wp-content\/uploads\/2021\/11\/cropped-adop-logo-bg.jpg\",\"contentUrl\":\"https:\/\/adop.pt\/wp-content\/uploads\/2021\/11\/cropped-adop-logo-bg.jpg\",\"width\":512,\"height\":512,\"caption\":\"ADoP\"},\"image\":{\"@id\":\"https:\/\/adop.pt\/#\/schema\/logo\/image\/\"},\"sameAs\":[\"https:\/\/www.facebook.com\/profile.php?id=61565720170060\",\"https:\/\/www.instagram.com\/antidopagem\/\"]}]}<\/script>\n<!-- \/ Yoast SEO plugin. -->","yoast_head_json":{"title":"San\u00e7\u00f5es disciplinares - ADoP","robots":{"index":"index","follow":"follow","max-snippet":"max-snippet:-1","max-image-preview":"max-image-preview:large","max-video-preview":"max-video-preview:-1"},"canonical":"https:\/\/adop.pt\/en\/sancoes-disciplinares\/","og_locale":"en_GB","og_type":"article","og_title":"San\u00e7\u00f5es disciplinares - ADoP","og_description":"San\u00e7\u00f5es disciplinaresNos termos e para os efeitos previstos nos n.os 5 e 6 do art.\u00ba 90\u00ba da Lei n.\u00ba 81\/2021 de 30 de novembro, que aprova a lei antidopagem no desporto, procede-se \u00e0 publicita\u00e7\u00e3o da informa\u00e7\u00e3o relevante das san\u00e7\u00f5es aplicadas por motivo de viola\u00e7\u00e3o das normas antidopagem.","og_url":"https:\/\/adop.pt\/en\/sancoes-disciplinares\/","og_site_name":"ADoP","article_publisher":"https:\/\/www.facebook.com\/profile.php?id=61565720170060","article_modified_time":"2026-01-21T11:44:34+00:00","twitter_card":"summary_large_image","twitter_misc":{"Estimated reading time":"1 minute"},"schema":{"@context":"https:\/\/schema.org","@graph":[{"@type":"WebPage","@id":"https:\/\/adop.pt\/sancoes-disciplinares\/","url":"https:\/\/adop.pt\/sancoes-disciplinares\/","name":"San\u00e7\u00f5es disciplinares - ADoP","isPartOf":{"@id":"https:\/\/adop.pt\/#website"},"datePublished":"2023-02-20T15:04:11+00:00","dateModified":"2026-01-21T11:44:34+00:00","breadcrumb":{"@id":"https:\/\/adop.pt\/sancoes-disciplinares\/#breadcrumb"},"inLanguage":"en-GB","potentialAction":[{"@type":"ReadAction","target":["https:\/\/adop.pt\/sancoes-disciplinares\/"]}]},{"@type":"BreadcrumbList","@id":"https:\/\/adop.pt\/sancoes-disciplinares\/#breadcrumb","itemListElement":[{"@type":"ListItem","position":1,"name":"In\u00edcio","item":"https:\/\/adop.pt\/"},{"@type":"ListItem","position":2,"name":"San\u00e7\u00f5es disciplinares"}]},{"@type":"WebSite","@id":"https:\/\/adop.pt\/#website","url":"https:\/\/adop.pt\/","name":"ADoP","description":"Autoridade Antidopagem de Portugal","publisher":{"@id":"https:\/\/adop.pt\/#organization"},"potentialAction":[{"@type":"SearchAction","target":{"@type":"EntryPoint","urlTemplate":"https:\/\/adop.pt\/?s={search_term_string}"},"query-input":{"@type":"PropertyValueSpecification","valueRequired":true,"valueName":"search_term_string"}}],"inLanguage":"en-GB"},{"@type":"Organization","@id":"https:\/\/adop.pt\/#organization","name":"ADoP","url":"https:\/\/adop.pt\/","logo":{"@type":"ImageObject","inLanguage":"en-GB","@id":"https:\/\/adop.pt\/#\/schema\/logo\/image\/","url":"https:\/\/adop.pt\/wp-content\/uploads\/2021\/11\/cropped-adop-logo-bg.jpg","contentUrl":"https:\/\/adop.pt\/wp-content\/uploads\/2021\/11\/cropped-adop-logo-bg.jpg","width":512,"height":512,"caption":"ADoP"},"image":{"@id":"https:\/\/adop.pt\/#\/schema\/logo\/image\/"},"sameAs":["https:\/\/www.facebook.com\/profile.php?id=61565720170060","https:\/\/www.instagram.com\/antidopagem\/"]}]}},"_links":{"self":[{"href":"https:\/\/adop.pt\/en\/wp-json\/wp\/v2\/pages\/2362","targetHints":{"allow":["GET"]}}],"collection":[{"href":"https:\/\/adop.pt\/en\/wp-json\/wp\/v2\/pages"}],"about":[{"href":"https:\/\/adop.pt\/en\/wp-json\/wp\/v2\/types\/page"}],"author":[{"embeddable":true,"href":"https:\/\/adop.pt\/en\/wp-json\/wp\/v2\/users\/2"}],"replies":[{"embeddable":true,"href":"https:\/\/adop.pt\/en\/wp-json\/wp\/v2\/comments?post=2362"}],"version-history":[{"count":87,"href":"https:\/\/adop.pt\/en\/wp-json\/wp\/v2\/pages\/2362\/revisions"}],"predecessor-version":[{"id":19381,"href":"https:\/\/adop.pt\/en\/wp-json\/wp\/v2\/pages\/2362\/revisions\/19381"}],"wp:attachment":[{"href":"https:\/\/adop.pt\/en\/wp-json\/wp\/v2\/media?parent=2362"}],"curies":[{"name":"wp","href":"https:\/\/api.w.org\/{rel}","templated":true}]}}