








{"id":540,"date":"2021-11-25T16:27:30","date_gmt":"2021-11-25T15:27:30","guid":{"rendered":"https:\/\/adop.deltasolucoes.com\/?page_id=540"},"modified":"2026-01-21T12:15:03","modified_gmt":"2026-01-21T12:15:03","slug":"autorizacao-de-utilizacao-terapeutica-aut","status":"publish","type":"page","link":"https:\/\/adop.pt\/en\/autorizacao-de-utilizacao-terapeutica-aut\/","title":{"rendered":"Autoriza\u00e7\u00e3o de Utiliza\u00e7\u00e3o Terap\u00eautica (AUT)"},"content":{"rendered":"<p>[et_pb_section fb_built=&#8221;1&#8243; _builder_version=&#8221;4.13.1&#8243; _module_preset=&#8221;default&#8221; custom_padding=&#8221;||||false|false&#8221; global_colors_info=&#8221;{}&#8221;][et_pb_row custom_padding_last_edited=&#8221;on|tablet&#8221; _builder_version=&#8221;4.14.2&#8243; _module_preset=&#8221;default&#8221; custom_padding=&#8221;150px||||false|false&#8221; custom_padding_tablet=&#8221;200px||||false|false&#8221; custom_padding_phone=&#8221;||||false|false&#8221; global_colors_info=&#8221;{}&#8221;][et_pb_column type=&#8221;4_4&#8243; _builder_version=&#8221;4.13.1&#8243; _module_preset=&#8221;default&#8221; global_colors_info=&#8221;{}&#8221;][et_pb_text _builder_version=&#8221;4.14.2&#8243; _module_preset=&#8221;default&#8221; text_font_size=&#8221;18px&#8221; global_colors_info=&#8221;{}&#8221;]<\/p>\n<h1 class=\"text-primary\"><strong>Autoriza\u00e7\u00e3o de Utiliza\u00e7\u00e3o Terap\u00eautica &#8211; AUT<\/strong><\/h1>\n<p>[\/et_pb_text][\/et_pb_column][\/et_pb_row][et_pb_row module_id=&#8221;pedir-aut&#8221; _builder_version=&#8221;4.14.2&#8243; _module_preset=&#8221;default&#8221; hover_enabled=&#8221;0&#8243; global_colors_info=&#8221;{}&#8221; sticky_enabled=&#8221;0&#8243;][et_pb_column type=&#8221;4_4&#8243; _builder_version=&#8221;4.13.1&#8243; _module_preset=&#8221;default&#8221; global_colors_info=&#8221;{}&#8221;][et_pb_text _builder_version=&#8221;4.14.2&#8243; _module_preset=&#8221;default&#8221; hover_enabled=&#8221;0&#8243; global_colors_info=&#8221;{}&#8221; sticky_enabled=&#8221;0&#8243;]<\/p>\n<p>O praticante desportivo tem o direito de utilizar subst\u00e2ncias e m\u00e9todos proibidos sempre que tal se justifique terap\u00eauticamente. Por isso, uma das Normas Internacionais criadas pela Ag\u00eancia Mundial Antidopagem diz respeito \u00e0s normas para solicita\u00e7\u00e3o de\u00a0<strong>Autoriza\u00e7\u00e3o para a Utiliza\u00e7\u00e3o Terap\u00eautica<\/strong>\u00a0de subst\u00e2ncias e m\u00e9todos proibidos.<\/p>\n<p>A aplica\u00e7\u00e3o dessas normas em Portugal \u00e9 da responsabilidade da Autoridade Antidopagem de Portugal que, atrav\u00e9s da sua\u00a0<strong>Comiss\u00e3o de Autoriza\u00e7\u00e3o de Utiliza\u00e7\u00e3o Terap\u00eautica (CAUT)<\/strong>, proceder\u00e1 ao registo e an\u00e1lise das solicita\u00e7\u00f5es de utiliza\u00e7\u00e3o terap\u00eautica.<\/p>\n<p>Toda a informa\u00e7\u00e3o fornecida pelo m\u00e9dico e pelo praticante desportivo nas solicita\u00e7\u00f5es de utiliza\u00e7\u00e3o terap\u00eautica ser\u00e1 tratada por profissionais de sa\u00fade com o cumprimento total das regras de\u00a0<strong>segredo profissional<\/strong>.<\/p>\n<p>A Autoridade Antidopagem de Portugal define anualmente uma s\u00e9rie de regras relativas \u00e0 solicita\u00e7\u00e3o de Autoriza\u00e7\u00e3o de Utiliza\u00e7\u00e3o Terap\u00eautica de subst\u00e2ncias e\/ou m\u00e9todos proibidos, de acordo com a\u00a0<a href=\"https:\/\/adop.pt\/wp-content\/uploads\/2023\/11\/international_standard_for_therapeutic_use_exemptions_istue_2023.pdf\"><strong>Norma Internacional para Autoriza\u00e7\u00e3o de Utiliza\u00e7\u00e3o Terap\u00eautica<\/strong>\u00a0<\/a>da Ag\u00eancia Mundial Antidopagem, regras que poder\u00e1 consultar no<strong>\u00a0Manual de procedimento para a solicita\u00e7\u00e3o de Autoriza\u00e7\u00e3o para a Utiliza\u00e7\u00e3o Terap\u00eautica \u2013 Guia Informativo para M\u00e9dicos (na vers\u00e3o em vigor para o ano em curso)<\/strong>.<\/p>\n<p>No estrito cumprimento da legisla\u00e7\u00e3o em vigor, foi solicitada uma autoriza\u00e7\u00e3o \u00e0\u00a0<strong>Comiss\u00e3o Nacional de Prote\u00e7\u00e3o de Dados<\/strong>\u00a0para a implementa\u00e7\u00e3o de um sistema de tratamento dos dados pessoais obtidos no \u00e2mbito do Sistema de Autoriza\u00e7\u00f5es de Utiliza\u00e7\u00e3o Terap\u00eautica da ADoP. Pode consultar a referida autoriza\u00e7\u00e3o abaixo:<\/p>\n<p><a title=\"Autoriza\u00e7\u00e3o CNPD\" href=\"\/wp-content\/uploads\/2025\/09\/CNPD-2595-05-07-20210.pdf\" target=\"_blank\" rel=\"noopener\">Autoriza\u00e7\u00e3o CNPD n.\u00ba 2995\/2010, datada de 5 de julho de 2010<\/a><\/p>\n<p><span class=\"Subtitulo\">\u00a0<\/span><\/p>\n<p><span class=\"Subtitulo\">Documentos em vigor em 2026:<\/span><\/p>\n<p><span class=\"Subtitulo\"><a href=\"https:\/\/adop.pt\/wp-content\/uploads\/2023\/11\/Procedimentos-para-solicitacao-de-AUT-de-Substancias-e-Metodos-Proibidos-ADoP.pdf\" target=\"_blank\" rel=\"noopener\">Procedimentos para solicitar uma AUT\u00a0<\/a><\/span><\/p>\n<p><a href=\"https:\/\/adop.pt\/wp-content\/uploads\/2025\/11\/Anexo-AUT.pdf\" target=\"_blank\" rel=\"noopener\">Anexo AUT Novo (Edit\u00e1vel) <\/a>\u00a0<strong class=\"Vermelho\"><br \/><\/strong><\/p>\n<p><a href=\"\/wp-content\/uploads\/2025\/09\/ADAMS-Privacy-Policy.pdf\" target=\"_blank\" rel=\"noopener\">Pol\u00edtica de Privacidade ADAMS<\/a><\/p>\n<p><a href=\"https:\/\/adop.pt\/wp-content\/uploads\/2025\/12\/Portaria-n.o-431_2025_1-de-4-de-dezembro.pdf\" target=\"_blank\" rel=\"noopener\">Lista de Subst\u00e2ncias e M\u00e9todos Proibidos para 2026<\/a><\/p>\n<p><a href=\"https:\/\/adop.pt\/wp-content\/uploads\/2023\/11\/istue_guidelines_2023_en.pdf\">Guia de apoio \u00e0\u00a0Norma Internacional para Autoriza\u00e7\u00e3o de Utiliza\u00e7\u00e3o Terap\u00eautica<\/a><strong>\u00a0<\/strong><\/p>\n<p><a href=\"\/wp-content\/uploads\/2025\/09\/mod-adop-espad-034-rev.03-aut-modelo-de-relatorio-medico-aparelho-respiratorio.pdf\" target=\"_blank\" rel=\"noopener\">Relat\u00f3rio M\u00e9dico\u00a0<\/a><\/p>\n<p>[\/et_pb_text][\/et_pb_column][\/et_pb_row][et_pb_row custom_padding_last_edited=&#8221;on|tablet&#8221; disabled_on=&#8221;on|on|on&#8221; _builder_version=&#8221;4.14.2&#8243; _module_preset=&#8221;default&#8221; custom_padding=&#8221;150px||||false|false&#8221; custom_padding_tablet=&#8221;120px||||false|false&#8221; custom_padding_phone=&#8221;||||false|false&#8221; disabled=&#8221;on&#8221; global_colors_info=&#8221;{}&#8221;][et_pb_column type=&#8221;4_4&#8243; _builder_version=&#8221;4.13.1&#8243; _module_preset=&#8221;default&#8221; global_colors_info=&#8221;{}&#8221;][et_pb_text _builder_version=&#8221;4.14.2&#8243; _module_preset=&#8221;default&#8221; global_colors_info=&#8221;{}&#8221;]<\/p>\n<h2><strong><span class=\"text-dark\">Pe\u00e7a aqui autoriza\u00e7\u00e3o<\/span><\/strong><\/h2>\n<p>&nbsp;<\/p>\n<p>&nbsp;<\/p>\n<p>[\/et_pb_text][et_pb_code admin_label=&#8221;Code&#8221; _builder_version=&#8221;4.13.1&#8243; _module_preset=&#8221;default&#8221; global_colors_info=&#8221;{}&#8221;]\n<div class=\"wpcf7 no-js\" id=\"wpcf7-f552-o1\" lang=\"pt-PT\" dir=\"ltr\">\n<div class=\"screen-reader-response\"><p role=\"status\" aria-live=\"polite\" aria-atomic=\"true\"><\/p> <ul><\/ul><\/div>\n<form action=\"\/en\/wp-json\/wp\/v2\/pages\/540#wpcf7-f552-o1\" method=\"post\" class=\"wpcf7-form init\" aria-label=\"Contact form\" novalidate=\"novalidate\" data-status=\"init\" data-trp-original-action=\"\/en\/wp-json\/wp\/v2\/pages\/540#wpcf7-f552-o1\">\n<div style=\"display: none;\">\n<input type=\"hidden\" name=\"_wpcf7\" value=\"552\" \/>\n<input type=\"hidden\" name=\"_wpcf7_version\" value=\"5.7.4\" \/>\n<input type=\"hidden\" name=\"_wpcf7_locale\" value=\"pt_PT\" \/>\n<input type=\"hidden\" name=\"_wpcf7_unit_tag\" value=\"wpcf7-f552-o1\" \/>\n<input type=\"hidden\" name=\"_wpcf7_container_post\" value=\"0\" \/>\n<input type=\"hidden\" name=\"_wpcf7_posted_data_hash\" value=\"\" \/>\n<input type=\"hidden\" name=\"_wpcf7_recaptcha_response\" value=\"\" \/>\n<\/div>\n<div class=\"row gy-3 mb-3\">\n\t<div class=\"col-lg-6\">\n\t\t<p><label for=\"nome\" class=\"form-label\">Nome<\/label><br \/>\n<span class=\"wpcf7-form-control-wrap\" data-name=\"nome\"><input size=\"40\" class=\"wpcf7-form-control wpcf7-text wpcf7-validates-as-required form-control\" id=\"nome\" aria-required=\"true\" aria-invalid=\"false\" value=\"\" type=\"text\" name=\"nome\" \/><\/span>\n\t\t<\/p>\n\t<\/div>\n\t<div class=\"col-lg-6\">\n\t\t<p><label for=\"email\" class=\"form-label\">Email<\/label><br \/>\n<span class=\"wpcf7-form-control-wrap\" data-name=\"email\"><input size=\"40\" class=\"wpcf7-form-control wpcf7-text wpcf7-email wpcf7-validates-as-required wpcf7-validates-as-email form-control\" id=\"email\" aria-required=\"true\" aria-invalid=\"false\" value=\"\" type=\"email\" name=\"email\" \/><\/span>\n\t\t<\/p>\n\t<\/div>\n<\/div>\n<div class=\"row gy-3 mb-3\">\n\t<div class=\"col-lg-6\">\n\t\t<p><label for=\"assunto\" class=\"form-label\">Assunto<\/label><br \/>\n<span class=\"wpcf7-form-control-wrap\" data-name=\"assunto\"><input size=\"40\" class=\"wpcf7-form-control wpcf7-text wpcf7-validates-as-required form-control\" id=\"assunto\" aria-required=\"true\" aria-invalid=\"false\" value=\"\" type=\"text\" name=\"assunto\" \/><\/span>\n\t\t<\/p>\n\t<\/div>\n\t<div class=\"col-lg-6\">\n\t\t<p><label for=\"telefone\" class=\"form-label\">Telefone<\/label><br \/>\n<span class=\"wpcf7-form-control-wrap\" data-name=\"telefone\"><input size=\"40\" class=\"wpcf7-form-control wpcf7-text wpcf7-validates-as-required form-control\" id=\"telefone\" aria-required=\"true\" aria-invalid=\"false\" value=\"\" type=\"text\" name=\"telefone\" \/><\/span>\n\t\t<\/p>\n\t<\/div>\n<\/div>\n<div class=\"row gy-3 mb-3\">\n\t<div class=\"col\">\n\t\t<p><label>Mensagem<\/label><br \/>\n<span class=\"wpcf7-form-control-wrap\" data-name=\"mensagem\"><textarea cols=\"40\" rows=\"10\" class=\"wpcf7-form-control wpcf7-textarea wpcf7-validates-as-required form-control\" id=\"mensagem\" aria-required=\"true\" aria-invalid=\"false\" name=\"mensagem\"><\/textarea><\/span>\n\t\t<\/p>\n\t<\/div>\n<\/div>\n<p><input class=\"wpcf7-form-control has-spinner wpcf7-submit btn btn-primary\" type=\"submit\" value=\"ENVIAR\" \/>\n<\/p><div class=\"wpcf7-response-output\" aria-hidden=\"true\"><\/div>\n<input type=\"hidden\" name=\"trp-form-language\" value=\"en\"\/><\/form>\n<\/div>\n[\/et_pb_code][\/et_pb_column][\/et_pb_row][\/et_pb_section]<\/p>","protected":false},"excerpt":{"rendered":"<p>Autoriza\u00e7\u00e3o de Utiliza\u00e7\u00e3o Terap\u00eautica &#8211; AUTO praticante desportivo tem o direito de utilizar subst\u00e2ncias e m\u00e9todos proibidos sempre que tal se justifique terap\u00eauticamente. Por isso, uma das Normas Internacionais criadas pela Ag\u00eancia Mundial Antidopagem diz respeito \u00e0s normas para solicita\u00e7\u00e3o de\u00a0Autoriza\u00e7\u00e3o para a Utiliza\u00e7\u00e3o Terap\u00eautica\u00a0de subst\u00e2ncias e m\u00e9todos proibidos. A aplica\u00e7\u00e3o dessas normas em Portugal [&hellip;]<\/p>","protected":false},"author":2,"featured_media":0,"parent":0,"menu_order":0,"comment_status":"closed","ping_status":"closed","template":"","meta":{"_et_pb_use_builder":"on","_et_pb_old_content":"","_et_gb_content_width":"","inline_featured_image":false,"footnotes":""},"class_list":["post-540","page","type-page","status-publish","hentry"],"acf":[],"yoast_head":"<!-- This site is optimized with the Yoast SEO plugin v25.4 - https:\/\/yoast.com\/wordpress\/plugins\/seo\/ -->\n<title>Autoriza\u00e7\u00e3o de Utiliza\u00e7\u00e3o Terap\u00eautica (AUT) - ADoP<\/title>\n<meta name=\"robots\" content=\"index, follow, max-snippet:-1, max-image-preview:large, max-video-preview:-1\" \/>\n<link rel=\"canonical\" href=\"https:\/\/adop.pt\/en\/autorizacao-de-utilizacao-terapeutica-aut\/\" \/>\n<meta property=\"og:locale\" content=\"en_GB\" \/>\n<meta property=\"og:type\" content=\"article\" \/>\n<meta property=\"og:title\" content=\"Autoriza\u00e7\u00e3o de Utiliza\u00e7\u00e3o Terap\u00eautica (AUT) - ADoP\" \/>\n<meta property=\"og:description\" content=\"Autoriza\u00e7\u00e3o de Utiliza\u00e7\u00e3o Terap\u00eautica - AUTO praticante desportivo tem o direito de utilizar subst\u00e2ncias e m\u00e9todos proibidos sempre que tal se justifique terap\u00eauticamente. Por isso, uma das Normas Internacionais criadas pela Ag\u00eancia Mundial Antidopagem diz respeito \u00e0s normas para solicita\u00e7\u00e3o de\u00a0Autoriza\u00e7\u00e3o para a Utiliza\u00e7\u00e3o Terap\u00eautica\u00a0de subst\u00e2ncias e m\u00e9todos proibidos. A aplica\u00e7\u00e3o dessas normas em Portugal [&hellip;]\" \/>\n<meta property=\"og:url\" content=\"https:\/\/adop.pt\/en\/autorizacao-de-utilizacao-terapeutica-aut\/\" \/>\n<meta property=\"og:site_name\" content=\"ADoP\" \/>\n<meta property=\"article:publisher\" content=\"https:\/\/www.facebook.com\/profile.php?id=61565720170060\" \/>\n<meta property=\"article:modified_time\" content=\"2026-01-21T12:15:03+00:00\" \/>\n<meta name=\"twitter:card\" content=\"summary_large_image\" \/>\n<meta name=\"twitter:label1\" content=\"Estimated reading time\" \/>\n\t<meta name=\"twitter:data1\" content=\"2 minutes\" \/>\n<script type=\"application\/ld+json\" class=\"yoast-schema-graph\">{\"@context\":\"https:\/\/schema.org\",\"@graph\":[{\"@type\":\"WebPage\",\"@id\":\"https:\/\/adop.pt\/autorizacao-de-utilizacao-terapeutica-aut\/\",\"url\":\"https:\/\/adop.pt\/autorizacao-de-utilizacao-terapeutica-aut\/\",\"name\":\"Autoriza\u00e7\u00e3o de Utiliza\u00e7\u00e3o Terap\u00eautica (AUT) - ADoP\",\"isPartOf\":{\"@id\":\"https:\/\/adop.pt\/#website\"},\"datePublished\":\"2021-11-25T15:27:30+00:00\",\"dateModified\":\"2026-01-21T12:15:03+00:00\",\"breadcrumb\":{\"@id\":\"https:\/\/adop.pt\/autorizacao-de-utilizacao-terapeutica-aut\/#breadcrumb\"},\"inLanguage\":\"en-GB\",\"potentialAction\":[{\"@type\":\"ReadAction\",\"target\":[\"https:\/\/adop.pt\/autorizacao-de-utilizacao-terapeutica-aut\/\"]}]},{\"@type\":\"BreadcrumbList\",\"@id\":\"https:\/\/adop.pt\/autorizacao-de-utilizacao-terapeutica-aut\/#breadcrumb\",\"itemListElement\":[{\"@type\":\"ListItem\",\"position\":1,\"name\":\"In\u00edcio\",\"item\":\"https:\/\/adop.pt\/\"},{\"@type\":\"ListItem\",\"position\":2,\"name\":\"Autoriza\u00e7\u00e3o de Utiliza\u00e7\u00e3o Terap\u00eautica (AUT)\"}]},{\"@type\":\"WebSite\",\"@id\":\"https:\/\/adop.pt\/#website\",\"url\":\"https:\/\/adop.pt\/\",\"name\":\"ADoP\",\"description\":\"Autoridade Antidopagem de Portugal\",\"publisher\":{\"@id\":\"https:\/\/adop.pt\/#organization\"},\"potentialAction\":[{\"@type\":\"SearchAction\",\"target\":{\"@type\":\"EntryPoint\",\"urlTemplate\":\"https:\/\/adop.pt\/?s={search_term_string}\"},\"query-input\":{\"@type\":\"PropertyValueSpecification\",\"valueRequired\":true,\"valueName\":\"search_term_string\"}}],\"inLanguage\":\"en-GB\"},{\"@type\":\"Organization\",\"@id\":\"https:\/\/adop.pt\/#organization\",\"name\":\"ADoP\",\"url\":\"https:\/\/adop.pt\/\",\"logo\":{\"@type\":\"ImageObject\",\"inLanguage\":\"en-GB\",\"@id\":\"https:\/\/adop.pt\/#\/schema\/logo\/image\/\",\"url\":\"https:\/\/adop.pt\/wp-content\/uploads\/2021\/11\/cropped-adop-logo-bg.jpg\",\"contentUrl\":\"https:\/\/adop.pt\/wp-content\/uploads\/2021\/11\/cropped-adop-logo-bg.jpg\",\"width\":512,\"height\":512,\"caption\":\"ADoP\"},\"image\":{\"@id\":\"https:\/\/adop.pt\/#\/schema\/logo\/image\/\"},\"sameAs\":[\"https:\/\/www.facebook.com\/profile.php?id=61565720170060\",\"https:\/\/www.instagram.com\/antidopagem\/\"]}]}<\/script>\n<!-- \/ Yoast SEO plugin. -->","yoast_head_json":{"title":"Autoriza\u00e7\u00e3o de Utiliza\u00e7\u00e3o Terap\u00eautica (AUT) - ADoP","robots":{"index":"index","follow":"follow","max-snippet":"max-snippet:-1","max-image-preview":"max-image-preview:large","max-video-preview":"max-video-preview:-1"},"canonical":"https:\/\/adop.pt\/en\/autorizacao-de-utilizacao-terapeutica-aut\/","og_locale":"en_GB","og_type":"article","og_title":"Autoriza\u00e7\u00e3o de Utiliza\u00e7\u00e3o Terap\u00eautica (AUT) - ADoP","og_description":"Autoriza\u00e7\u00e3o de Utiliza\u00e7\u00e3o Terap\u00eautica - AUTO praticante desportivo tem o direito de utilizar subst\u00e2ncias e m\u00e9todos proibidos sempre que tal se justifique terap\u00eauticamente. Por isso, uma das Normas Internacionais criadas pela Ag\u00eancia Mundial Antidopagem diz respeito \u00e0s normas para solicita\u00e7\u00e3o de\u00a0Autoriza\u00e7\u00e3o para a Utiliza\u00e7\u00e3o Terap\u00eautica\u00a0de subst\u00e2ncias e m\u00e9todos proibidos. A aplica\u00e7\u00e3o dessas normas em Portugal [&hellip;]","og_url":"https:\/\/adop.pt\/en\/autorizacao-de-utilizacao-terapeutica-aut\/","og_site_name":"ADoP","article_publisher":"https:\/\/www.facebook.com\/profile.php?id=61565720170060","article_modified_time":"2026-01-21T12:15:03+00:00","twitter_card":"summary_large_image","twitter_misc":{"Estimated reading time":"2 minutes"},"schema":{"@context":"https:\/\/schema.org","@graph":[{"@type":"WebPage","@id":"https:\/\/adop.pt\/autorizacao-de-utilizacao-terapeutica-aut\/","url":"https:\/\/adop.pt\/autorizacao-de-utilizacao-terapeutica-aut\/","name":"Autoriza\u00e7\u00e3o de Utiliza\u00e7\u00e3o Terap\u00eautica (AUT) - ADoP","isPartOf":{"@id":"https:\/\/adop.pt\/#website"},"datePublished":"2021-11-25T15:27:30+00:00","dateModified":"2026-01-21T12:15:03+00:00","breadcrumb":{"@id":"https:\/\/adop.pt\/autorizacao-de-utilizacao-terapeutica-aut\/#breadcrumb"},"inLanguage":"en-GB","potentialAction":[{"@type":"ReadAction","target":["https:\/\/adop.pt\/autorizacao-de-utilizacao-terapeutica-aut\/"]}]},{"@type":"BreadcrumbList","@id":"https:\/\/adop.pt\/autorizacao-de-utilizacao-terapeutica-aut\/#breadcrumb","itemListElement":[{"@type":"ListItem","position":1,"name":"In\u00edcio","item":"https:\/\/adop.pt\/"},{"@type":"ListItem","position":2,"name":"Autoriza\u00e7\u00e3o de Utiliza\u00e7\u00e3o Terap\u00eautica (AUT)"}]},{"@type":"WebSite","@id":"https:\/\/adop.pt\/#website","url":"https:\/\/adop.pt\/","name":"ADoP","description":"Autoridade Antidopagem de Portugal","publisher":{"@id":"https:\/\/adop.pt\/#organization"},"potentialAction":[{"@type":"SearchAction","target":{"@type":"EntryPoint","urlTemplate":"https:\/\/adop.pt\/?s={search_term_string}"},"query-input":{"@type":"PropertyValueSpecification","valueRequired":true,"valueName":"search_term_string"}}],"inLanguage":"en-GB"},{"@type":"Organization","@id":"https:\/\/adop.pt\/#organization","name":"ADoP","url":"https:\/\/adop.pt\/","logo":{"@type":"ImageObject","inLanguage":"en-GB","@id":"https:\/\/adop.pt\/#\/schema\/logo\/image\/","url":"https:\/\/adop.pt\/wp-content\/uploads\/2021\/11\/cropped-adop-logo-bg.jpg","contentUrl":"https:\/\/adop.pt\/wp-content\/uploads\/2021\/11\/cropped-adop-logo-bg.jpg","width":512,"height":512,"caption":"ADoP"},"image":{"@id":"https:\/\/adop.pt\/#\/schema\/logo\/image\/"},"sameAs":["https:\/\/www.facebook.com\/profile.php?id=61565720170060","https:\/\/www.instagram.com\/antidopagem\/"]}]}},"_links":{"self":[{"href":"https:\/\/adop.pt\/en\/wp-json\/wp\/v2\/pages\/540","targetHints":{"allow":["GET"]}}],"collection":[{"href":"https:\/\/adop.pt\/en\/wp-json\/wp\/v2\/pages"}],"about":[{"href":"https:\/\/adop.pt\/en\/wp-json\/wp\/v2\/types\/page"}],"author":[{"embeddable":true,"href":"https:\/\/adop.pt\/en\/wp-json\/wp\/v2\/users\/2"}],"replies":[{"embeddable":true,"href":"https:\/\/adop.pt\/en\/wp-json\/wp\/v2\/comments?post=540"}],"version-history":[{"count":53,"href":"https:\/\/adop.pt\/en\/wp-json\/wp\/v2\/pages\/540\/revisions"}],"predecessor-version":[{"id":19389,"href":"https:\/\/adop.pt\/en\/wp-json\/wp\/v2\/pages\/540\/revisions\/19389"}],"wp:attachment":[{"href":"https:\/\/adop.pt\/en\/wp-json\/wp\/v2\/media?parent=540"}],"curies":[{"name":"wp","href":"https:\/\/api.w.org\/{rel}","templated":true}]}}