








{"id":568,"date":"2021-11-25T17:01:27","date_gmt":"2021-11-25T16:01:27","guid":{"rendered":"https:\/\/adop.deltasolucoes.com\/?page_id=568"},"modified":"2023-03-28T11:22:00","modified_gmt":"2023-03-28T11:22:00","slug":"denuncias","status":"publish","type":"page","link":"https:\/\/adop.pt\/en\/denuncias\/","title":{"rendered":"Den\u00fancias"},"content":{"rendered":"<p>[et_pb_section fb_built=&#8221;1&#8243; _builder_version=&#8221;4.14.2&#8243; _module_preset=&#8221;default&#8221; custom_padding=&#8221;200px||||false|false&#8221; global_colors_info=&#8221;{}&#8221;][et_pb_row _builder_version=&#8221;4.14.2&#8243; _module_preset=&#8221;default&#8221; custom_padding=&#8221;||||false|false&#8221; global_colors_info=&#8221;{}&#8221;][et_pb_column type=&#8221;4_4&#8243; _builder_version=&#8221;4.13.1&#8243; _module_preset=&#8221;default&#8221; global_colors_info=&#8221;{}&#8221;][et_pb_text _builder_version=&#8221;4.13.1&#8243; _module_preset=&#8221;default&#8221; text_font_size=&#8221;18px&#8221; global_colors_info=&#8221;{}&#8221;]<\/p>\n<h1 class=\"text-primary\"><strong>Den\u00fancias<\/strong><\/h1>\n<p>[\/et_pb_text][\/et_pb_column][\/et_pb_row][et_pb_row _builder_version=&#8221;4.14.2&#8243; _module_preset=&#8221;default&#8221; global_colors_info=&#8221;{}&#8221;][et_pb_column type=&#8221;4_4&#8243; _builder_version=&#8221;4.13.1&#8243; _module_preset=&#8221;default&#8221; global_colors_info=&#8221;{}&#8221;][et_pb_text _builder_version=&#8221;4.14.2&#8243; _module_preset=&#8221;default&#8221; global_colors_info=&#8221;{}&#8221;]<\/p>\n<p class=\"Subtitulo\">Tem conhecimento de pr\u00e1ticas de dopagem? Informe aqui!<\/p>\n<p>O recurso \u00e0 dopagem representa um grave risco para a sa\u00fade dos praticantes desportivos que recorrem a essas pr\u00e1ticas.<\/p>\n<p>O principal objetivo da luta contra a dopagem \u00e9 a<span>\u00a0<\/span><strong>prote\u00e7\u00e3o da sa\u00fade e da verdade desportiva<\/strong>. Nesse sentido, colaborar com a luta contra a dopagem \u00e9 um<span>\u00a0<\/span><strong>ato de cidadania<\/strong>. Compete \u00e0 ADoP, enquanto entidade p\u00fablica respons\u00e1vel pela luta contra a dopagem no desporto em Portugal, combater este problema. A sua contribui\u00e7\u00e3o pode ser fundamental, reportando os factos de que tenha conhecimento, colaborando desse modo com a ADoP.<\/p>\n<p>A ADoP garante a<span>\u00a0<\/span><strong>confidencialidade<\/strong><span>\u00a0<\/span>da informa\u00e7\u00e3o que disponibilizar, utilizando-a exclusivamente para a investiga\u00e7\u00e3o de eventuais viola\u00e7\u00f5es de normas antidopagem.<\/p>\n<p><strong>Para nos apresentar uma den\u00fancia, por favor preencha os campos que se seguem e carregue em Enviar.<\/strong><\/p>\n<p>[\/et_pb_text][\/et_pb_column][\/et_pb_row][\/et_pb_section][et_pb_section fb_built=&#8221;1&#8243; _builder_version=&#8221;4.14.2&#8243; _module_preset=&#8221;default&#8221; custom_margin=&#8221;0px||||false|false&#8221; custom_padding=&#8221;0px||||false|false&#8221; global_colors_info=&#8221;{}&#8221;][et_pb_row module_id=&#8221;pedir-aut&#8221; _builder_version=&#8221;4.14.2&#8243; _module_preset=&#8221;default&#8221; custom_padding=&#8221;||||false|false&#8221; global_colors_info=&#8221;{}&#8221;][et_pb_column type=&#8221;4_4&#8243; _builder_version=&#8221;4.13.1&#8243; _module_preset=&#8221;default&#8221; global_colors_info=&#8221;{}&#8221;][et_pb_text _builder_version=&#8221;4.14.2&#8243; _module_preset=&#8221;default&#8221; global_colors_info=&#8221;{}&#8221;]<\/p>\n<h3><b>Os seus dados para contacto<\/b><\/h3>\n<p>N\u00e3o \u00e9 obrigat\u00f3ria a sua identifica\u00e7\u00e3o. No entanto, caso entenda identificar-se, tal permitir\u00e1 que possamos entrar em contacto consigo, o que poder\u00e1 ser determinante para as investiga\u00e7\u00f5es que venham a realizar-se quanto aos factos que reporta.[\/et_pb_text][et_pb_code admin_label=&#8221;Code&#8221; _builder_version=&#8221;4.13.1&#8243; _module_preset=&#8221;default&#8221; global_colors_info=&#8221;{}&#8221;]\n<div class=\"wpcf7 no-js\" id=\"wpcf7-f567-o1\" lang=\"pt-PT\" dir=\"ltr\">\n<div class=\"screen-reader-response\"><p role=\"status\" aria-live=\"polite\" aria-atomic=\"true\"><\/p> <ul><\/ul><\/div>\n<form action=\"\/en\/wp-json\/wp\/v2\/pages\/568#wpcf7-f567-o1\" method=\"post\" class=\"wpcf7-form init\" aria-label=\"Contact form\" novalidate=\"novalidate\" data-status=\"init\" data-trp-original-action=\"\/en\/wp-json\/wp\/v2\/pages\/568#wpcf7-f567-o1\">\n<div style=\"display: none;\">\n<input type=\"hidden\" name=\"_wpcf7\" value=\"567\" \/>\n<input type=\"hidden\" name=\"_wpcf7_version\" value=\"5.7.4\" \/>\n<input type=\"hidden\" name=\"_wpcf7_locale\" value=\"pt_PT\" \/>\n<input type=\"hidden\" name=\"_wpcf7_unit_tag\" value=\"wpcf7-f567-o1\" \/>\n<input type=\"hidden\" name=\"_wpcf7_container_post\" value=\"0\" \/>\n<input type=\"hidden\" name=\"_wpcf7_posted_data_hash\" value=\"\" \/>\n<input type=\"hidden\" name=\"_wpcf7_recaptcha_response\" value=\"\" \/>\n<\/div>\n<div class=\"row gy-3 mb-2\">\n\t<div class=\"col-12\">\n\t\t<p><label for=\"nome\" class=\"form-label\">Nome<\/label><br \/>\n<span class=\"wpcf7-form-control-wrap\" data-name=\"nome\"><input size=\"40\" class=\"wpcf7-form-control wpcf7-text form-control\" id=\"nome\" aria-invalid=\"false\" value=\"\" type=\"text\" name=\"nome\" \/><\/span>\n\t\t<\/p>\n\t<\/div>\n\t<div class=\"row gy-3 mb-2\">\n\t\t<div class=\"col-lg-6\">\n\t\t\t<p><label for=\"morada\" class=\"form-label\">Morada<\/label><br \/>\n<span class=\"wpcf7-form-control-wrap\" data-name=\"morada\"><input size=\"40\" class=\"wpcf7-form-control wpcf7-text form-control\" id=\"morada\" aria-invalid=\"false\" value=\"\" type=\"text\" name=\"morada\" \/><\/span>\n\t\t\t<\/p>\n\t\t<\/div>\n\t\t<div class=\"col-lg-6\">\n\t\t\t<p><label for=\"zip_code\" class=\"form-label\">C\u00f3digo Postal<\/label><br \/>\n<span class=\"wpcf7-form-control-wrap\" data-name=\"zip_code\"><input size=\"40\" class=\"wpcf7-form-control wpcf7-text form-control\" id=\"zip_code\" aria-invalid=\"false\" value=\"\" type=\"text\" name=\"zip_code\" \/><\/span>\n\t\t\t<\/p>\n\t\t<\/div>\n\t<\/div>\n\t<div class=\"row gy-3 mb-2\">\n\t\t<div class=\"col-lg-6\">\n\t\t\t<p><label for=\"telemovel\" class=\"form-label\">Telem\u00f3vel<\/label><br \/>\n<span class=\"wpcf7-form-control-wrap\" data-name=\"telemovel\"><input size=\"40\" class=\"wpcf7-form-control wpcf7-text form-control\" id=\"telemovel\" aria-invalid=\"false\" value=\"\" type=\"text\" name=\"telemovel\" \/><\/span>\n\t\t\t<\/p>\n\t\t<\/div>\n\t\t<div class=\"col-lg-6\">\n\t\t\t<p><label for=\"telefone\" class=\"form-label\">Telefone<\/label><br \/>\n<span class=\"wpcf7-form-control-wrap\" data-name=\"telefone\"><input size=\"40\" class=\"wpcf7-form-control wpcf7-text form-control\" id=\"telefone\" aria-invalid=\"false\" value=\"\" type=\"text\" name=\"telefone\" \/><\/span>\n\t\t\t<\/p>\n\t\t<\/div>\n\t<\/div>\n\t<div class=\"row gy-3 mb-2\">\n\t\t<div class=\"col-lg-6\">\n\t\t\t<p><label for=\"email\" class=\"form-label\">E-mail<\/label><br \/>\n<span class=\"wpcf7-form-control-wrap\" data-name=\"email\"><input size=\"40\" class=\"wpcf7-form-control wpcf7-text wpcf7-email wpcf7-validates-as-email form-control\" id=\"email\" aria-invalid=\"false\" value=\"\" type=\"email\" name=\"email\" \/><\/span>\n\t\t\t<\/p>\n\t\t<\/div>\n\t\t<div class=\"col-lg-6\">\n\t\t\t<p><label for=\"ligacao\" class=\"form-label\">Sua liga\u00e7\u00e3o ao desporto<\/label><br \/>\n<span class=\"wpcf7-form-control-wrap\" data-name=\"ligacao\"><input size=\"40\" class=\"wpcf7-form-control wpcf7-text form-control\" id=\"ligacao\" aria-invalid=\"false\" value=\"\" type=\"text\" name=\"ligacao\" \/><\/span>\n\t\t\t<\/p>\n\t\t<\/div>\n\t<\/div>\n\t<div class=\"row gy-3 mb-2\">\n\t\t<div class=\"col-12\">\n\t\t\t<p><label for=\"denuncia\" class=\"form-label\">Factos a reportar<br \/>\n<small class=\"text-dark\">Por favor, registe com o maior detalhe poss\u00edvel os factos de que tem conhecimento<\/small><\/label><br \/>\n<span class=\"wpcf7-form-control-wrap\" data-name=\"denuncia\"><textarea cols=\"40\" rows=\"10\" class=\"wpcf7-form-control wpcf7-textarea wpcf7-validates-as-required form-control\" id=\"denuncia\" aria-required=\"true\" aria-invalid=\"false\" name=\"denuncia\"><\/textarea><\/span>\n\t\t\t<\/p>\n\t\t<\/div>\n\t<\/div>\n\t<div class=\"row gy-3 mb-2\">\n\t\t<div class=\"col-12\">\n\t\t\t<p><label class=\"text-dark mb-2\">Elementos adicionais<\/label><br \/>\n<label for=\"elementos_adicionais\" class=\"form-label\">Identifica\u00e7\u00e3o dos agentes envolvidos e sua liga\u00e7\u00e3o com o desporto<\/label><br \/>\n<span class=\"wpcf7-form-control-wrap\" data-name=\"elementos_adicionais\"><textarea cols=\"40\" rows=\"10\" class=\"wpcf7-form-control wpcf7-textarea wpcf7-validates-as-required form-control\" id=\"elementos_adicionais\" aria-required=\"true\" aria-invalid=\"false\" name=\"elementos_adicionais\"><\/textarea><\/span>\n\t\t\t<\/p>\n\t\t<\/div>\n\t<\/div>\n\t<div class=\"row gy-3 mb-2\">\n\t\t<div class=\"col-12\">\n\t\t\t<p><label for=\"identificacao_dados\" class=\"form-label\">Identifica\u00e7\u00e3o e dados para contacto de eventuais testemunhas<\/label><br \/>\n<span class=\"wpcf7-form-control-wrap\" data-name=\"identificacao_dados\"><textarea cols=\"40\" rows=\"10\" class=\"wpcf7-form-control wpcf7-textarea wpcf7-validates-as-required form-control\" id=\"identificacao_dados\" aria-required=\"true\" aria-invalid=\"false\" name=\"identificacao_dados\"><\/textarea><\/span>\n\t\t\t<\/p>\n\t\t<\/div>\n\t<\/div>\n\t<p><input class=\"wpcf7-form-control has-spinner wpcf7-submit btn btn-primary\" type=\"submit\" value=\"Enviar\" \/>\n\t<\/p>\n<\/div><div class=\"wpcf7-response-output\" aria-hidden=\"true\"><\/div>\n<input type=\"hidden\" name=\"trp-form-language\" value=\"en\"\/><\/form>\n<\/div>\n[\/et_pb_code][\/et_pb_column][\/et_pb_row][\/et_pb_section]<\/p>","protected":false},"excerpt":{"rendered":"<p>Den\u00fanciasTem conhecimento de pr\u00e1ticas de dopagem? Informe aqui! O recurso \u00e0 dopagem representa um grave risco para a sa\u00fade dos praticantes desportivos que recorrem a essas pr\u00e1ticas. O principal objetivo da luta contra a dopagem \u00e9 a\u00a0prote\u00e7\u00e3o da sa\u00fade e da verdade desportiva. Nesse sentido, colaborar com a luta contra a dopagem \u00e9 um\u00a0ato de [&hellip;]<\/p>","protected":false},"author":2,"featured_media":0,"parent":0,"menu_order":0,"comment_status":"closed","ping_status":"closed","template":"","meta":{"_et_pb_use_builder":"on","_et_pb_old_content":"","_et_gb_content_width":"","inline_featured_image":false,"footnotes":""},"class_list":["post-568","page","type-page","status-publish","hentry"],"acf":[],"yoast_head":"<!-- This site is optimized with the Yoast SEO plugin v25.4 - https:\/\/yoast.com\/wordpress\/plugins\/seo\/ -->\n<title>Den\u00fancias - ADoP<\/title>\n<meta name=\"robots\" content=\"index, follow, max-snippet:-1, max-image-preview:large, max-video-preview:-1\" \/>\n<link rel=\"canonical\" href=\"https:\/\/adop.pt\/en\/denuncias\/\" \/>\n<meta property=\"og:locale\" content=\"en_GB\" \/>\n<meta property=\"og:type\" content=\"article\" \/>\n<meta property=\"og:title\" content=\"Den\u00fancias - ADoP\" \/>\n<meta property=\"og:description\" content=\"Den\u00fanciasTem conhecimento de pr\u00e1ticas de dopagem? Informe aqui! O recurso \u00e0 dopagem representa um grave risco para a sa\u00fade dos praticantes desportivos que recorrem a essas pr\u00e1ticas. O principal objetivo da luta contra a dopagem \u00e9 a\u00a0prote\u00e7\u00e3o da sa\u00fade e da verdade desportiva. Nesse sentido, colaborar com a luta contra a dopagem \u00e9 um\u00a0ato de [&hellip;]\" \/>\n<meta property=\"og:url\" content=\"https:\/\/adop.pt\/en\/denuncias\/\" \/>\n<meta property=\"og:site_name\" content=\"ADoP\" \/>\n<meta property=\"article:publisher\" content=\"https:\/\/www.facebook.com\/profile.php?id=61565720170060\" \/>\n<meta property=\"article:modified_time\" content=\"2023-03-28T11:22:00+00:00\" \/>\n<meta name=\"twitter:card\" content=\"summary_large_image\" \/>\n<meta name=\"twitter:label1\" content=\"Estimated reading time\" \/>\n\t<meta name=\"twitter:data1\" content=\"2 minutes\" \/>\n<script type=\"application\/ld+json\" class=\"yoast-schema-graph\">{\"@context\":\"https:\/\/schema.org\",\"@graph\":[{\"@type\":\"WebPage\",\"@id\":\"https:\/\/adop.pt\/denuncias\/\",\"url\":\"https:\/\/adop.pt\/denuncias\/\",\"name\":\"Den\u00fancias - ADoP\",\"isPartOf\":{\"@id\":\"https:\/\/adop.pt\/#website\"},\"datePublished\":\"2021-11-25T16:01:27+00:00\",\"dateModified\":\"2023-03-28T11:22:00+00:00\",\"breadcrumb\":{\"@id\":\"https:\/\/adop.pt\/denuncias\/#breadcrumb\"},\"inLanguage\":\"en-GB\",\"potentialAction\":[{\"@type\":\"ReadAction\",\"target\":[\"https:\/\/adop.pt\/denuncias\/\"]}]},{\"@type\":\"BreadcrumbList\",\"@id\":\"https:\/\/adop.pt\/denuncias\/#breadcrumb\",\"itemListElement\":[{\"@type\":\"ListItem\",\"position\":1,\"name\":\"In\u00edcio\",\"item\":\"https:\/\/adop.pt\/\"},{\"@type\":\"ListItem\",\"position\":2,\"name\":\"Den\u00fancias\"}]},{\"@type\":\"WebSite\",\"@id\":\"https:\/\/adop.pt\/#website\",\"url\":\"https:\/\/adop.pt\/\",\"name\":\"ADoP\",\"description\":\"Autoridade Antidopagem de Portugal\",\"publisher\":{\"@id\":\"https:\/\/adop.pt\/#organization\"},\"potentialAction\":[{\"@type\":\"SearchAction\",\"target\":{\"@type\":\"EntryPoint\",\"urlTemplate\":\"https:\/\/adop.pt\/?s={search_term_string}\"},\"query-input\":{\"@type\":\"PropertyValueSpecification\",\"valueRequired\":true,\"valueName\":\"search_term_string\"}}],\"inLanguage\":\"en-GB\"},{\"@type\":\"Organization\",\"@id\":\"https:\/\/adop.pt\/#organization\",\"name\":\"ADoP\",\"url\":\"https:\/\/adop.pt\/\",\"logo\":{\"@type\":\"ImageObject\",\"inLanguage\":\"en-GB\",\"@id\":\"https:\/\/adop.pt\/#\/schema\/logo\/image\/\",\"url\":\"https:\/\/adop.pt\/wp-content\/uploads\/2021\/11\/cropped-adop-logo-bg.jpg\",\"contentUrl\":\"https:\/\/adop.pt\/wp-content\/uploads\/2021\/11\/cropped-adop-logo-bg.jpg\",\"width\":512,\"height\":512,\"caption\":\"ADoP\"},\"image\":{\"@id\":\"https:\/\/adop.pt\/#\/schema\/logo\/image\/\"},\"sameAs\":[\"https:\/\/www.facebook.com\/profile.php?id=61565720170060\",\"https:\/\/www.instagram.com\/antidopagem\/\"]}]}<\/script>\n<!-- \/ Yoast SEO plugin. -->","yoast_head_json":{"title":"Den\u00fancias - ADoP","robots":{"index":"index","follow":"follow","max-snippet":"max-snippet:-1","max-image-preview":"max-image-preview:large","max-video-preview":"max-video-preview:-1"},"canonical":"https:\/\/adop.pt\/en\/denuncias\/","og_locale":"en_GB","og_type":"article","og_title":"Den\u00fancias - ADoP","og_description":"Den\u00fanciasTem conhecimento de pr\u00e1ticas de dopagem? Informe aqui! O recurso \u00e0 dopagem representa um grave risco para a sa\u00fade dos praticantes desportivos que recorrem a essas pr\u00e1ticas. O principal objetivo da luta contra a dopagem \u00e9 a\u00a0prote\u00e7\u00e3o da sa\u00fade e da verdade desportiva. Nesse sentido, colaborar com a luta contra a dopagem \u00e9 um\u00a0ato de [&hellip;]","og_url":"https:\/\/adop.pt\/en\/denuncias\/","og_site_name":"ADoP","article_publisher":"https:\/\/www.facebook.com\/profile.php?id=61565720170060","article_modified_time":"2023-03-28T11:22:00+00:00","twitter_card":"summary_large_image","twitter_misc":{"Estimated reading time":"2 minutes"},"schema":{"@context":"https:\/\/schema.org","@graph":[{"@type":"WebPage","@id":"https:\/\/adop.pt\/denuncias\/","url":"https:\/\/adop.pt\/denuncias\/","name":"Den\u00fancias - ADoP","isPartOf":{"@id":"https:\/\/adop.pt\/#website"},"datePublished":"2021-11-25T16:01:27+00:00","dateModified":"2023-03-28T11:22:00+00:00","breadcrumb":{"@id":"https:\/\/adop.pt\/denuncias\/#breadcrumb"},"inLanguage":"en-GB","potentialAction":[{"@type":"ReadAction","target":["https:\/\/adop.pt\/denuncias\/"]}]},{"@type":"BreadcrumbList","@id":"https:\/\/adop.pt\/denuncias\/#breadcrumb","itemListElement":[{"@type":"ListItem","position":1,"name":"In\u00edcio","item":"https:\/\/adop.pt\/"},{"@type":"ListItem","position":2,"name":"Den\u00fancias"}]},{"@type":"WebSite","@id":"https:\/\/adop.pt\/#website","url":"https:\/\/adop.pt\/","name":"ADoP","description":"Autoridade Antidopagem de Portugal","publisher":{"@id":"https:\/\/adop.pt\/#organization"},"potentialAction":[{"@type":"SearchAction","target":{"@type":"EntryPoint","urlTemplate":"https:\/\/adop.pt\/?s={search_term_string}"},"query-input":{"@type":"PropertyValueSpecification","valueRequired":true,"valueName":"search_term_string"}}],"inLanguage":"en-GB"},{"@type":"Organization","@id":"https:\/\/adop.pt\/#organization","name":"ADoP","url":"https:\/\/adop.pt\/","logo":{"@type":"ImageObject","inLanguage":"en-GB","@id":"https:\/\/adop.pt\/#\/schema\/logo\/image\/","url":"https:\/\/adop.pt\/wp-content\/uploads\/2021\/11\/cropped-adop-logo-bg.jpg","contentUrl":"https:\/\/adop.pt\/wp-content\/uploads\/2021\/11\/cropped-adop-logo-bg.jpg","width":512,"height":512,"caption":"ADoP"},"image":{"@id":"https:\/\/adop.pt\/#\/schema\/logo\/image\/"},"sameAs":["https:\/\/www.facebook.com\/profile.php?id=61565720170060","https:\/\/www.instagram.com\/antidopagem\/"]}]}},"_links":{"self":[{"href":"https:\/\/adop.pt\/en\/wp-json\/wp\/v2\/pages\/568","targetHints":{"allow":["GET"]}}],"collection":[{"href":"https:\/\/adop.pt\/en\/wp-json\/wp\/v2\/pages"}],"about":[{"href":"https:\/\/adop.pt\/en\/wp-json\/wp\/v2\/types\/page"}],"author":[{"embeddable":true,"href":"https:\/\/adop.pt\/en\/wp-json\/wp\/v2\/users\/2"}],"replies":[{"embeddable":true,"href":"https:\/\/adop.pt\/en\/wp-json\/wp\/v2\/comments?post=568"}],"version-history":[{"count":9,"href":"https:\/\/adop.pt\/en\/wp-json\/wp\/v2\/pages\/568\/revisions"}],"predecessor-version":[{"id":2496,"href":"https:\/\/adop.pt\/en\/wp-json\/wp\/v2\/pages\/568\/revisions\/2496"}],"wp:attachment":[{"href":"https:\/\/adop.pt\/en\/wp-json\/wp\/v2\/media?parent=568"}],"curies":[{"name":"wp","href":"https:\/\/api.w.org\/{rel}","templated":true}]}}