








{"id":826,"date":"2021-12-07T15:57:00","date_gmt":"2021-12-07T14:57:00","guid":{"rendered":"https:\/\/adop.deltasolucoes.com\/?page_id=826"},"modified":"2023-11-20T16:37:47","modified_gmt":"2023-11-20T16:37:47","slug":"relad","status":"publish","type":"page","link":"https:\/\/adop.pt\/en\/relad\/","title":{"rendered":"RELAD"},"content":{"rendered":"<p>[et_pb_section fb_built=&#8221;1&#8243; admin_label=&#8221;section&#8221; _builder_version=&#8221;4.14.2&#8243; custom_padding=&#8221;200px||||false|false&#8221; global_colors_info=&#8221;{}&#8221;][et_pb_row admin_label=&#8221;row&#8221; _builder_version=&#8221;4.14.2&#8243; background_size=&#8221;initial&#8221; background_position=&#8221;top_left&#8221; background_repeat=&#8221;repeat&#8221; global_colors_info=&#8221;{}&#8221;][et_pb_column type=&#8221;4_4&#8243; _builder_version=&#8221;3.25&#8243; custom_padding=&#8221;|||&#8221; global_colors_info=&#8221;{}&#8221; custom_padding__hover=&#8221;|||&#8221;][et_pb_text _builder_version=&#8221;4.14.2&#8243; _module_preset=&#8221;default&#8221; text_font=&#8221;Sora|800|||||||&#8221; text_text_color=&#8221;#00C4FF&#8221; text_font_size=&#8221;64px&#8221; header_font=&#8221;Sora|800|||||||&#8221; header_text_color=&#8221;#00C4FF&#8221; header_font_size=&#8221;64px&#8221; header_4_font=&#8221;Sora|800|||||||&#8221; header_4_text_color=&#8221;#00C4FF&#8221; header_4_font_size=&#8221;25px&#8221; custom_margin=&#8221;||||false|false&#8221; custom_padding=&#8221;5px||0px||false|false&#8221; global_colors_info=&#8221;{}&#8221;]<\/p>\n<h2><strong>Rede Lus\u00f3fona Antidopagem<\/strong><\/h2>\n<h1><strong>RELAD<\/strong><\/h1>\n<p>[\/et_pb_text][\/et_pb_column][\/et_pb_row][\/et_pb_section][et_pb_section fb_built=&#8221;1&#8243; _builder_version=&#8221;4.14.2&#8243; _module_preset=&#8221;default&#8221; custom_padding=&#8221;||||false|false&#8221; global_colors_info=&#8221;{}&#8221;][et_pb_row _builder_version=&#8221;4.14.2&#8243; _module_preset=&#8221;default&#8221; global_colors_info=&#8221;{}&#8221;][et_pb_column type=&#8221;4_4&#8243; _builder_version=&#8221;4.14.2&#8243; _module_preset=&#8221;default&#8221; positioning=&#8221;none&#8221; global_colors_info=&#8221;{}&#8221;][et_pb_text _builder_version=&#8221;4.14.2&#8243; _module_preset=&#8221;default&#8221; global_colors_info=&#8221;{}&#8221;]<\/p>\n<h2><strong>Estatutos<\/strong><\/h2>\n<p>[\/et_pb_text][et_pb_text _builder_version=&#8221;4.14.2&#8243; _module_preset=&#8221;default&#8221; custom_padding=&#8221;||0px|||&#8221; locked=&#8221;off&#8221; global_colors_info=&#8221;{}&#8221;]<\/p>\n<p>Descarregue <a href=\"\/wp-content\/uploads\/2022\/01\/Estatutos_RELAD.pdf\" target=\"_blank\" rel=\"noopener\" title=\"Estatutos da RELAD\">aqui<\/a> os Estatutos da Rede Lus\u00f3fona Antidopagem &#8211; RELAD<\/p>\n<p>&nbsp;<\/p>\n<p>[\/et_pb_text][\/et_pb_column][\/et_pb_row][\/et_pb_section][et_pb_section fb_built=&#8221;1&#8243; _builder_version=&#8221;4.14.2&#8243; _module_preset=&#8221;default&#8221; custom_padding=&#8221;||||false|false&#8221; global_colors_info=&#8221;{}&#8221;][et_pb_row _builder_version=&#8221;4.14.2&#8243; _module_preset=&#8221;default&#8221; global_colors_info=&#8221;{}&#8221;][et_pb_column type=&#8221;4_4&#8243; _builder_version=&#8221;4.14.2&#8243; _module_preset=&#8221;default&#8221; positioning=&#8221;none&#8221; global_colors_info=&#8221;{}&#8221;][et_pb_text _builder_version=&#8221;4.14.2&#8243; _module_preset=&#8221;default&#8221; global_colors_info=&#8221;{}&#8221;]<\/p>\n<h2><strong>Regulamento<\/strong><\/h2>\n<p>[\/et_pb_text][et_pb_text _builder_version=&#8221;4.14.2&#8243; _module_preset=&#8221;default&#8221; custom_padding=&#8221;0px||29px|||&#8221; locked=&#8221;off&#8221; global_colors_info=&#8221;{}&#8221;]<\/p>\n<p>Descarregue <a href=\"\/wp-content\/uploads\/2022\/01\/Regulamento_RELAD.pdf\" target=\"_blank\" rel=\"noopener\" title=\"Regulamento da RELAD\">aqui<\/a> o Regulamento da Rede Lus\u00f3fona Antidopagem &#8211; RELAD<\/p>\n<p>[\/et_pb_text][\/et_pb_column][\/et_pb_row][\/et_pb_section][et_pb_section fb_built=&#8221;1&#8243; _builder_version=&#8221;4.14.2&#8243; _module_preset=&#8221;default&#8221; custom_padding=&#8221;||||false|false&#8221; global_colors_info=&#8221;{}&#8221;][et_pb_row _builder_version=&#8221;4.14.2&#8243; _module_preset=&#8221;default&#8221; global_colors_info=&#8221;{}&#8221;][et_pb_column type=&#8221;4_4&#8243; _builder_version=&#8221;4.14.2&#8243; _module_preset=&#8221;default&#8221; positioning=&#8221;none&#8221; global_colors_info=&#8221;{}&#8221;][et_pb_text _builder_version=&#8221;4.14.2&#8243; _module_preset=&#8221;default&#8221; global_colors_info=&#8221;{}&#8221;]<\/p>\n<h2><strong>Atividades<\/strong><\/h2>\n<p>[\/et_pb_text][et_pb_text _builder_version=&#8221;4.14.2&#8243; _module_preset=&#8221;default&#8221; custom_padding=&#8221;||0px|||&#8221; locked=&#8221;off&#8221; global_colors_info=&#8221;{}&#8221;]<\/p>\n<p><a href=\"https:\/\/adop.pt\/en\/reuniao-de-criacao-da-rede-lusofona-antidopagem-relad\/\" target=\"_blank\" rel=\"noopener\" title=\"Reuni\u00e3o de cria\u00e7\u00e3o da REDE LUS\u00d3FONA ANTIDOPAGEM (RELAD)\"><span>Reuni\u00e3o de cria\u00e7\u00e3o da REDE LUS\u00d3FONA ANTIDOPAGEM (RELAD)<\/span><\/a><\/p>\n<p>[\/et_pb_text][\/et_pb_column][\/et_pb_row][\/et_pb_section][et_pb_section fb_built=&#8221;1&#8243; _builder_version=&#8221;4.14.2&#8243; _module_preset=&#8221;default&#8221; custom_padding=&#8221;||||false|false&#8221; global_colors_info=&#8221;{}&#8221;][et_pb_row _builder_version=&#8221;4.14.2&#8243; _module_preset=&#8221;default&#8221; global_colors_info=&#8221;{}&#8221;][et_pb_column type=&#8221;4_4&#8243; _builder_version=&#8221;4.14.2&#8243; _module_preset=&#8221;default&#8221; positioning=&#8221;none&#8221; global_colors_info=&#8221;{}&#8221;][et_pb_text _builder_version=&#8221;4.14.2&#8243; _module_preset=&#8221;default&#8221; global_colors_info=&#8221;{}&#8221;]<\/p>\n<h2><strong>Atas<\/strong><\/h2>\n<p>[\/et_pb_text][et_pb_text _builder_version=&#8221;4.14.2&#8243; _module_preset=&#8221;default&#8221; locked=&#8221;off&#8221; global_colors_info=&#8221;{}&#8221;][\/et_pb_text][\/et_pb_column][\/et_pb_row][\/et_pb_section][et_pb_section fb_built=&#8221;1&#8243; _builder_version=&#8221;4.14.2&#8243; _module_preset=&#8221;default&#8221; custom_padding=&#8221;||||false|false&#8221; global_colors_info=&#8221;{}&#8221;][et_pb_row _builder_version=&#8221;4.14.2&#8243; _module_preset=&#8221;default&#8221; global_colors_info=&#8221;{}&#8221;][et_pb_column type=&#8221;4_4&#8243; _builder_version=&#8221;4.14.2&#8243; _module_preset=&#8221;default&#8221; positioning=&#8221;none&#8221; global_colors_info=&#8221;{}&#8221;][et_pb_text _builder_version=&#8221;4.14.2&#8243; _module_preset=&#8221;default&#8221; global_colors_info=&#8221;{}&#8221;]<\/p>\n<h2><strong>Convocat\u00f3rias<\/strong><\/h2>\n<p>[\/et_pb_text][et_pb_text _builder_version=&#8221;4.14.2&#8243; _module_preset=&#8221;default&#8221; custom_padding=&#8221;||0px|||&#8221; locked=&#8221;off&#8221; global_colors_info=&#8221;{}&#8221;][\/et_pb_text][\/et_pb_column][\/et_pb_row][\/et_pb_section][et_pb_section fb_built=&#8221;1&#8243; _builder_version=&#8221;4.14.2&#8243; _module_preset=&#8221;default&#8221; custom_padding=&#8221;||100px||false|false&#8221; global_colors_info=&#8221;{}&#8221;][et_pb_row _builder_version=&#8221;4.14.2&#8243; _module_preset=&#8221;default&#8221; custom_margin=&#8221;||0px||false|false&#8221; custom_padding=&#8221;||0px||false|false&#8221; global_colors_info=&#8221;{}&#8221;][et_pb_column type=&#8221;4_4&#8243; _builder_version=&#8221;4.14.2&#8243; _module_preset=&#8221;default&#8221; positioning=&#8221;none&#8221; global_colors_info=&#8221;{}&#8221;][et_pb_text _builder_version=&#8221;4.14.2&#8243; _module_preset=&#8221;default&#8221; global_colors_info=&#8221;{}&#8221;]<\/p>\n<h2><strong>Membros<\/strong><\/h2>\n<p>&nbsp;<\/p>\n<table border=\"1\" style=\"border-collapse: collapse; width: 100%;\">\n<tbody>\n<tr>\n<td style=\"width: 50%; text-align: center;\">\n<h2><strong><img loading=\"lazy\" decoding=\"async\" src=\"https:\/\/adop.deltasolucoes.com\/wp-content\/uploads\/2022\/01\/brasilEsporte-300x182.png\" width=\"300\" height=\"182\" alt=\"\" class=\"wp-image-1621 alignnone size-medium\" srcset=\"https:\/\/adop.pt\/wp-content\/uploads\/2022\/01\/brasilEsporte-300x182.png 300w, https:\/\/adop.pt\/wp-content\/uploads\/2022\/01\/brasilEsporte-18x12.png 18w, https:\/\/adop.pt\/wp-content\/uploads\/2022\/01\/brasilEsporte.png 336w\" sizes=\"auto, (max-width: 300px) 100vw, 300px\" \/><\/strong><\/h2>\n<p><a href=\"https:\/\/www.gov.br\/abcd\/pt-br\" target=\"_blank\" rel=\"noopener\" title=\"ABCD\"><strong><span>ABCD (Brasil)<\/span><\/strong><\/a><\/p>\n<\/td>\n<td style=\"width: 50%; text-align: center;\">\n<p><span><img loading=\"lazy\" decoding=\"async\" src=\"https:\/\/adop.deltasolucoes.com\/wp-content\/uploads\/2022\/01\/ONAD_CV-300x100.jpg\" width=\"300\" height=\"100\" alt=\"\" class=\"wp-image-1622 alignnone size-medium\" srcset=\"https:\/\/adop.pt\/wp-content\/uploads\/2022\/01\/ONAD_CV-300x100.jpg 300w, https:\/\/adop.pt\/wp-content\/uploads\/2022\/01\/ONAD_CV-18x6.jpg 18w, https:\/\/adop.pt\/wp-content\/uploads\/2022\/01\/ONAD_CV-400x134.jpg 400w, https:\/\/adop.pt\/wp-content\/uploads\/2022\/01\/ONAD_CV.jpg 404w\" sizes=\"auto, (max-width: 300px) 100vw, 300px\" \/><\/span><\/p>\n<p><a href=\"https:\/\/www.onad.gov.cv\/\" target=\"_blank\" rel=\"noopener\" title=\"ONAD\"><span>ONAD-CV (Cabo Verde)<\/span><\/a><\/p>\n<\/td>\n<\/tr>\n<\/tbody>\n<\/table>\n<p><strong><span><\/span><\/strong><\/p>\n<p>&nbsp;<\/p>\n<p>[\/et_pb_text][\/et_pb_column][\/et_pb_row][et_pb_row _builder_version=&#8221;4.14.2&#8243; _module_preset=&#8221;default&#8221; custom_margin=&#8221;||0px||false|false&#8221; custom_padding=&#8221;||0px||false|false&#8221; global_colors_info=&#8221;{}&#8221;][et_pb_column type=&#8221;4_4&#8243; _builder_version=&#8221;4.14.2&#8243; _module_preset=&#8221;default&#8221; positioning=&#8221;none&#8221; global_colors_info=&#8221;{}&#8221;][et_pb_text _builder_version=&#8221;4.14.2&#8243; _module_preset=&#8221;default&#8221; custom_padding=&#8221;0px|||||&#8221; hover_enabled=&#8221;0&#8243; global_colors_info=&#8221;{}&#8221; sticky_enabled=&#8221;0&#8243;]<\/p>\n<h2><strong>Cursos<\/strong><\/h2>\n<p><strong><span>Faculdade de Motricidade Humana da Universidade de Lisboa<\/span><br \/><a href=\"https:\/\/www.fmh.ulisboa.pt\/ensino\/pos-graduacoes\/prevencao-da-dopagem\" target=\"_blank\" rel=\"noopener\" title=\"PREVEN\u00c7\u00c3O DA DOPAGEM\">P\u00f3s-Gradua\u00e7\u00e3o &#8211; Preven\u00e7\u00e3o da Dopagem<\/a><\/strong><\/p>\n<h1><\/h1>\n<p>[\/et_pb_text][\/et_pb_column][\/et_pb_row][\/et_pb_section]<\/p>","protected":false},"excerpt":{"rendered":"<p>Rede Lus\u00f3fona Antidopagem RELADEstatutosDescarregue aqui os Estatutos da Rede Lus\u00f3fona Antidopagem &#8211; RELAD &nbsp;RegulamentoDescarregue aqui o Regulamento da Rede Lus\u00f3fona Antidopagem &#8211; RELADAtividadesReuni\u00e3o de cria\u00e7\u00e3o da REDE LUS\u00d3FONA ANTIDOPAGEM (RELAD)AtasConvocat\u00f3riasMembros &nbsp; ABCD (Brasil) ONAD-CV (Cabo Verde) &nbsp;Cursos Faculdade de Motricidade Humana da Universidade de LisboaP\u00f3s-Gradua\u00e7\u00e3o &#8211; Preven\u00e7\u00e3o da Dopagem<\/p>","protected":false},"author":2,"featured_media":0,"parent":0,"menu_order":0,"comment_status":"closed","ping_status":"closed","template":"","meta":{"_et_pb_use_builder":"on","_et_pb_old_content":"","_et_gb_content_width":"","inline_featured_image":false,"footnotes":""},"class_list":["post-826","page","type-page","status-publish","hentry"],"acf":[],"yoast_head":"<!-- This site is optimized with the Yoast SEO plugin v25.4 - https:\/\/yoast.com\/wordpress\/plugins\/seo\/ -->\n<title>RELAD - ADoP<\/title>\n<meta name=\"robots\" content=\"index, follow, max-snippet:-1, max-image-preview:large, max-video-preview:-1\" \/>\n<link rel=\"canonical\" href=\"https:\/\/adop.pt\/en\/relad\/\" \/>\n<meta property=\"og:locale\" content=\"en_GB\" \/>\n<meta property=\"og:type\" content=\"article\" \/>\n<meta property=\"og:title\" content=\"RELAD - ADoP\" \/>\n<meta property=\"og:description\" content=\"Rede Lus\u00f3fona Antidopagem RELADEstatutosDescarregue aqui os Estatutos da Rede Lus\u00f3fona Antidopagem - RELAD &nbsp;RegulamentoDescarregue aqui o Regulamento da Rede Lus\u00f3fona Antidopagem - RELADAtividadesReuni\u00e3o de cria\u00e7\u00e3o da REDE LUS\u00d3FONA ANTIDOPAGEM (RELAD)AtasConvocat\u00f3riasMembros &nbsp; ABCD (Brasil) ONAD-CV (Cabo Verde) &nbsp;Cursos Faculdade de Motricidade Humana da Universidade de LisboaP\u00f3s-Gradua\u00e7\u00e3o - Preven\u00e7\u00e3o da Dopagem\" \/>\n<meta property=\"og:url\" content=\"https:\/\/adop.pt\/en\/relad\/\" \/>\n<meta property=\"og:site_name\" content=\"ADoP\" \/>\n<meta property=\"article:publisher\" content=\"https:\/\/www.facebook.com\/profile.php?id=61565720170060\" \/>\n<meta property=\"article:modified_time\" content=\"2023-11-20T16:37:47+00:00\" \/>\n<meta property=\"og:image\" content=\"https:\/\/adop.deltasolucoes.com\/wp-content\/uploads\/2022\/01\/brasilEsporte-300x182.png\" \/>\n<meta name=\"twitter:card\" content=\"summary_large_image\" \/>\n<meta name=\"twitter:label1\" content=\"Estimated reading time\" \/>\n\t<meta name=\"twitter:data1\" content=\"2 minutes\" \/>\n<script type=\"application\/ld+json\" class=\"yoast-schema-graph\">{\"@context\":\"https:\/\/schema.org\",\"@graph\":[{\"@type\":\"WebPage\",\"@id\":\"https:\/\/adop.pt\/relad\/\",\"url\":\"https:\/\/adop.pt\/relad\/\",\"name\":\"RELAD - ADoP\",\"isPartOf\":{\"@id\":\"https:\/\/adop.pt\/#website\"},\"primaryImageOfPage\":{\"@id\":\"https:\/\/adop.pt\/relad\/#primaryimage\"},\"image\":{\"@id\":\"https:\/\/adop.pt\/relad\/#primaryimage\"},\"thumbnailUrl\":\"https:\/\/adop.deltasolucoes.com\/wp-content\/uploads\/2022\/01\/brasilEsporte-300x182.png\",\"datePublished\":\"2021-12-07T14:57:00+00:00\",\"dateModified\":\"2023-11-20T16:37:47+00:00\",\"breadcrumb\":{\"@id\":\"https:\/\/adop.pt\/relad\/#breadcrumb\"},\"inLanguage\":\"en-GB\",\"potentialAction\":[{\"@type\":\"ReadAction\",\"target\":[\"https:\/\/adop.pt\/relad\/\"]}]},{\"@type\":\"ImageObject\",\"inLanguage\":\"en-GB\",\"@id\":\"https:\/\/adop.pt\/relad\/#primaryimage\",\"url\":\"https:\/\/adop.deltasolucoes.com\/wp-content\/uploads\/2022\/01\/brasilEsporte-300x182.png\",\"contentUrl\":\"https:\/\/adop.deltasolucoes.com\/wp-content\/uploads\/2022\/01\/brasilEsporte-300x182.png\"},{\"@type\":\"BreadcrumbList\",\"@id\":\"https:\/\/adop.pt\/relad\/#breadcrumb\",\"itemListElement\":[{\"@type\":\"ListItem\",\"position\":1,\"name\":\"In\u00edcio\",\"item\":\"https:\/\/adop.pt\/\"},{\"@type\":\"ListItem\",\"position\":2,\"name\":\"RELAD\"}]},{\"@type\":\"WebSite\",\"@id\":\"https:\/\/adop.pt\/#website\",\"url\":\"https:\/\/adop.pt\/\",\"name\":\"ADoP\",\"description\":\"Autoridade Antidopagem de Portugal\",\"publisher\":{\"@id\":\"https:\/\/adop.pt\/#organization\"},\"potentialAction\":[{\"@type\":\"SearchAction\",\"target\":{\"@type\":\"EntryPoint\",\"urlTemplate\":\"https:\/\/adop.pt\/?s={search_term_string}\"},\"query-input\":{\"@type\":\"PropertyValueSpecification\",\"valueRequired\":true,\"valueName\":\"search_term_string\"}}],\"inLanguage\":\"en-GB\"},{\"@type\":\"Organization\",\"@id\":\"https:\/\/adop.pt\/#organization\",\"name\":\"ADoP\",\"url\":\"https:\/\/adop.pt\/\",\"logo\":{\"@type\":\"ImageObject\",\"inLanguage\":\"en-GB\",\"@id\":\"https:\/\/adop.pt\/#\/schema\/logo\/image\/\",\"url\":\"https:\/\/adop.pt\/wp-content\/uploads\/2021\/11\/cropped-adop-logo-bg.jpg\",\"contentUrl\":\"https:\/\/adop.pt\/wp-content\/uploads\/2021\/11\/cropped-adop-logo-bg.jpg\",\"width\":512,\"height\":512,\"caption\":\"ADoP\"},\"image\":{\"@id\":\"https:\/\/adop.pt\/#\/schema\/logo\/image\/\"},\"sameAs\":[\"https:\/\/www.facebook.com\/profile.php?id=61565720170060\",\"https:\/\/www.instagram.com\/antidopagem\/\"]}]}<\/script>\n<!-- \/ Yoast SEO plugin. -->","yoast_head_json":{"title":"RELAD - ADoP","robots":{"index":"index","follow":"follow","max-snippet":"max-snippet:-1","max-image-preview":"max-image-preview:large","max-video-preview":"max-video-preview:-1"},"canonical":"https:\/\/adop.pt\/en\/relad\/","og_locale":"en_GB","og_type":"article","og_title":"RELAD - ADoP","og_description":"Rede Lus\u00f3fona Antidopagem RELADEstatutosDescarregue aqui os Estatutos da Rede Lus\u00f3fona Antidopagem - RELAD &nbsp;RegulamentoDescarregue aqui o Regulamento da Rede Lus\u00f3fona Antidopagem - RELADAtividadesReuni\u00e3o de cria\u00e7\u00e3o da REDE LUS\u00d3FONA ANTIDOPAGEM (RELAD)AtasConvocat\u00f3riasMembros &nbsp; ABCD (Brasil) ONAD-CV (Cabo Verde) &nbsp;Cursos Faculdade de Motricidade Humana da Universidade de LisboaP\u00f3s-Gradua\u00e7\u00e3o - Preven\u00e7\u00e3o da Dopagem","og_url":"https:\/\/adop.pt\/en\/relad\/","og_site_name":"ADoP","article_publisher":"https:\/\/www.facebook.com\/profile.php?id=61565720170060","article_modified_time":"2023-11-20T16:37:47+00:00","og_image":[{"url":"https:\/\/adop.deltasolucoes.com\/wp-content\/uploads\/2022\/01\/brasilEsporte-300x182.png","type":"","width":"","height":""}],"twitter_card":"summary_large_image","twitter_misc":{"Estimated reading time":"2 minutes"},"schema":{"@context":"https:\/\/schema.org","@graph":[{"@type":"WebPage","@id":"https:\/\/adop.pt\/relad\/","url":"https:\/\/adop.pt\/relad\/","name":"RELAD - ADoP","isPartOf":{"@id":"https:\/\/adop.pt\/#website"},"primaryImageOfPage":{"@id":"https:\/\/adop.pt\/relad\/#primaryimage"},"image":{"@id":"https:\/\/adop.pt\/relad\/#primaryimage"},"thumbnailUrl":"https:\/\/adop.deltasolucoes.com\/wp-content\/uploads\/2022\/01\/brasilEsporte-300x182.png","datePublished":"2021-12-07T14:57:00+00:00","dateModified":"2023-11-20T16:37:47+00:00","breadcrumb":{"@id":"https:\/\/adop.pt\/relad\/#breadcrumb"},"inLanguage":"en-GB","potentialAction":[{"@type":"ReadAction","target":["https:\/\/adop.pt\/relad\/"]}]},{"@type":"ImageObject","inLanguage":"en-GB","@id":"https:\/\/adop.pt\/relad\/#primaryimage","url":"https:\/\/adop.deltasolucoes.com\/wp-content\/uploads\/2022\/01\/brasilEsporte-300x182.png","contentUrl":"https:\/\/adop.deltasolucoes.com\/wp-content\/uploads\/2022\/01\/brasilEsporte-300x182.png"},{"@type":"BreadcrumbList","@id":"https:\/\/adop.pt\/relad\/#breadcrumb","itemListElement":[{"@type":"ListItem","position":1,"name":"In\u00edcio","item":"https:\/\/adop.pt\/"},{"@type":"ListItem","position":2,"name":"RELAD"}]},{"@type":"WebSite","@id":"https:\/\/adop.pt\/#website","url":"https:\/\/adop.pt\/","name":"ADoP","description":"Autoridade Antidopagem de Portugal","publisher":{"@id":"https:\/\/adop.pt\/#organization"},"potentialAction":[{"@type":"SearchAction","target":{"@type":"EntryPoint","urlTemplate":"https:\/\/adop.pt\/?s={search_term_string}"},"query-input":{"@type":"PropertyValueSpecification","valueRequired":true,"valueName":"search_term_string"}}],"inLanguage":"en-GB"},{"@type":"Organization","@id":"https:\/\/adop.pt\/#organization","name":"ADoP","url":"https:\/\/adop.pt\/","logo":{"@type":"ImageObject","inLanguage":"en-GB","@id":"https:\/\/adop.pt\/#\/schema\/logo\/image\/","url":"https:\/\/adop.pt\/wp-content\/uploads\/2021\/11\/cropped-adop-logo-bg.jpg","contentUrl":"https:\/\/adop.pt\/wp-content\/uploads\/2021\/11\/cropped-adop-logo-bg.jpg","width":512,"height":512,"caption":"ADoP"},"image":{"@id":"https:\/\/adop.pt\/#\/schema\/logo\/image\/"},"sameAs":["https:\/\/www.facebook.com\/profile.php?id=61565720170060","https:\/\/www.instagram.com\/antidopagem\/"]}]}},"_links":{"self":[{"href":"https:\/\/adop.pt\/en\/wp-json\/wp\/v2\/pages\/826","targetHints":{"allow":["GET"]}}],"collection":[{"href":"https:\/\/adop.pt\/en\/wp-json\/wp\/v2\/pages"}],"about":[{"href":"https:\/\/adop.pt\/en\/wp-json\/wp\/v2\/types\/page"}],"author":[{"embeddable":true,"href":"https:\/\/adop.pt\/en\/wp-json\/wp\/v2\/users\/2"}],"replies":[{"embeddable":true,"href":"https:\/\/adop.pt\/en\/wp-json\/wp\/v2\/comments?post=826"}],"version-history":[{"count":39,"href":"https:\/\/adop.pt\/en\/wp-json\/wp\/v2\/pages\/826\/revisions"}],"predecessor-version":[{"id":2962,"href":"https:\/\/adop.pt\/en\/wp-json\/wp\/v2\/pages\/826\/revisions\/2962"}],"wp:attachment":[{"href":"https:\/\/adop.pt\/en\/wp-json\/wp\/v2\/media?parent=826"}],"curies":[{"name":"wp","href":"https:\/\/api.w.org\/{rel}","templated":true}]}}